{"id":388,"date":"2022-05-05T07:36:57","date_gmt":"2022-05-05T05:36:57","guid":{"rendered":"https:\/\/www.marcpetrusa.fr\/?page_id=388"},"modified":"2022-06-04T10:15:46","modified_gmt":"2022-06-04T08:15:46","slug":"expo-morpho","status":"publish","type":"page","link":"https:\/\/www.marcpetrusa.fr\/?page_id=388","title":{"rendered":"Expo Morpho"},"content":{"rendered":"\n<p class=\"wp-block-paragraph\"><\/p>\n\n\n\n<p class=\"wp-block-paragraph\"><\/p>\n\n\n\n<p class=\"wp-block-paragraph\"><\/p>\n\n\n\n<p class=\"has-text-align-center has-text-color has-medium-font-size wp-block-paragraph\" style=\"color:#343434\"><strong>Exposition Morpho.Quai36<\/strong><\/p>\n\n\n\n<p class=\"has-text-align-center has-text-color wp-block-paragraph\" style=\"color:#343434\"><\/p>\n\n\n\n<p class=\"has-text-align-center has-text-color wp-block-paragraph\" style=\"color:#343434\">Exposition de groupe organis\u00e9e par l&rsquo;association <em><a href=\"https:\/\/morpho.quai36.com\/\" target=\"_blank\" rel=\"noreferrer noopener\"><strong>Quai 36<\/strong><\/a><\/em> et <em>Novaxia<\/em> dans les anciens locaux du <em>Mus\u00e9e Pierre Cardin <\/em>\u00e0 Saint-Ouen sur Seine du 16 septembre au 15 d\u00e9cembre 2021.<\/p>\n\n\n\n<p class=\"has-text-color wp-block-paragraph\" style=\"color:#343434\">Le projet <em>Morpho<\/em> a investi un lieu en pleine mutation mis \u00e0 disposition par <em>Novaxia Investissement <\/em>avec la volont\u00e9 de cr\u00e9er un lien social et cr\u00e9atif. Il s&rsquo;agissait de r\u00e9introduire l&rsquo;art dans un lieu historiquement culturel.<\/p>\n\n\n\n<p class=\"has-text-color wp-block-paragraph\" style=\"color:#343434\">Cette exposition, sous le commissariat de Grigori Michel et Edwart Vignot, rassemblait de nombreux artistes, parmi lesquels Marc Petrusa, Jean-Luc Verna, Maxime Biou, Adrien Couvrat et comportait neuf r\u00e9sidences d&rsquo;artistes. <\/p>\n\n\n\n<p class=\"has-text-align-center has-text-color has-medium-font-size wp-block-paragraph\" style=\"color:#343434\">Son titre, <strong><em>MORPHO<\/em><\/strong>,<\/p>\n\n\n\n<p class=\"has-text-align-center has-text-color wp-block-paragraph\" style=\"color:#343434\">renvoie au papillon bleu iridescent, ainsi qu&rsquo;\u00e0 la possibilit\u00e9 d&rsquo;une transformation.<\/p>\n\n\n\n<p class=\"has-text-color wp-block-paragraph\" style=\"color:#343434\"><\/p>\n\n\n\n<p class=\"has-text-align-center wp-block-paragraph\"><\/p>\n\n\n\n<figure class=\"wp-block-gallery has-nested-images columns-default is-cropped wp-block-gallery-1 is-layout-flex wp-block-gallery-is-layout-flex\">\n<figure class=\"wp-block-image size-large\"><img fetchpriority=\"high\" decoding=\"async\" width=\"831\" height=\"1335\" data-id=\"993\" src=\"https:\/\/www.marcpetrusa.fr\/wp-content\/uploads\/2022\/05\/Screenshot_20210828-221941_Instagram-1.jpg\" alt=\"\" class=\"wp-image-993\" srcset=\"https:\/\/www.marcpetrusa.fr\/wp-content\/uploads\/2022\/05\/Screenshot_20210828-221941_Instagram-1.jpg 831w, https:\/\/www.marcpetrusa.fr\/wp-content\/uploads\/2022\/05\/Screenshot_20210828-221941_Instagram-1-187x300.jpg 187w, https:\/\/www.marcpetrusa.fr\/wp-content\/uploads\/2022\/05\/Screenshot_20210828-221941_Instagram-1-637x1024.jpg 637w, https:\/\/www.marcpetrusa.fr\/wp-content\/uploads\/2022\/05\/Screenshot_20210828-221941_Instagram-1-768x1234.jpg 768w\" sizes=\"(max-width: 831px) 100vw, 831px\" \/><\/figure>\n\n\n\n<figure class=\"wp-block-image size-large\"><img decoding=\"async\" width=\"1065\" height=\"1458\" data-id=\"992\" src=\"https:\/\/www.marcpetrusa.fr\/wp-content\/uploads\/2022\/05\/Screenshot_20210904-154534_Drive-1.jpg\" alt=\"\" class=\"wp-image-992\" srcset=\"https:\/\/www.marcpetrusa.fr\/wp-content\/uploads\/2022\/05\/Screenshot_20210904-154534_Drive-1.jpg 1065w, https:\/\/www.marcpetrusa.fr\/wp-content\/uploads\/2022\/05\/Screenshot_20210904-154534_Drive-1-219x300.jpg 219w, https:\/\/www.marcpetrusa.fr\/wp-content\/uploads\/2022\/05\/Screenshot_20210904-154534_Drive-1-748x1024.jpg 748w, https:\/\/www.marcpetrusa.fr\/wp-content\/uploads\/2022\/05\/Screenshot_20210904-154534_Drive-1-768x1051.jpg 768w\" sizes=\"(max-width: 1065px) 100vw, 1065px\" \/><\/figure>\n\n\n\n<figure class=\"wp-block-image size-large\"><img decoding=\"async\" width=\"1080\" height=\"1326\" data-id=\"990\" src=\"https:\/\/www.marcpetrusa.fr\/wp-content\/uploads\/2022\/05\/Screenshot_20210912-213918_Instagram-1.jpg\" alt=\"\" class=\"wp-image-990\" srcset=\"https:\/\/www.marcpetrusa.fr\/wp-content\/uploads\/2022\/05\/Screenshot_20210912-213918_Instagram-1.jpg 1080w, https:\/\/www.marcpetrusa.fr\/wp-content\/uploads\/2022\/05\/Screenshot_20210912-213918_Instagram-1-244x300.jpg 244w, https:\/\/www.marcpetrusa.fr\/wp-content\/uploads\/2022\/05\/Screenshot_20210912-213918_Instagram-1-834x1024.jpg 834w, https:\/\/www.marcpetrusa.fr\/wp-content\/uploads\/2022\/05\/Screenshot_20210912-213918_Instagram-1-768x943.jpg 768w\" sizes=\"(max-width: 1080px) 100vw, 1080px\" \/><\/figure>\n<\/figure>\n\n\n\n<p class=\"has-text-align-center wp-block-paragraph\"><\/p>\n\n\n\n<figure class=\"wp-block-gallery has-nested-images columns-4 is-cropped wp-block-gallery-2 is-layout-flex wp-block-gallery-is-layout-flex\">\n<figure class=\"wp-block-image size-large\"><a href=\"https:\/\/www.marcpetrusa.fr\/wp-content\/uploads\/2022\/05\/20210919_151241-1.jpg\"><img loading=\"lazy\" decoding=\"async\" width=\"767\" height=\"885\" data-id=\"405\" src=\"https:\/\/www.marcpetrusa.fr\/wp-content\/uploads\/2022\/05\/20210919_151241-1.jpg\" alt=\"\" class=\"wp-image-405\" srcset=\"https:\/\/www.marcpetrusa.fr\/wp-content\/uploads\/2022\/05\/20210919_151241-1.jpg 767w, https:\/\/www.marcpetrusa.fr\/wp-content\/uploads\/2022\/05\/20210919_151241-1-260x300.jpg 260w\" sizes=\"(max-width: 767px) 100vw, 767px\" \/><\/a><\/figure>\n\n\n\n<figure class=\"wp-block-image size-large\"><a href=\"https:\/\/www.marcpetrusa.fr\/wp-content\/uploads\/2022\/05\/20210919_151328-1.jpg\"><img loading=\"lazy\" decoding=\"async\" width=\"900\" height=\"675\" data-id=\"404\" src=\"https:\/\/www.marcpetrusa.fr\/wp-content\/uploads\/2022\/05\/20210919_151328-1.jpg\" alt=\"\" class=\"wp-image-404\" srcset=\"https:\/\/www.marcpetrusa.fr\/wp-content\/uploads\/2022\/05\/20210919_151328-1.jpg 900w, https:\/\/www.marcpetrusa.fr\/wp-content\/uploads\/2022\/05\/20210919_151328-1-300x225.jpg 300w, https:\/\/www.marcpetrusa.fr\/wp-content\/uploads\/2022\/05\/20210919_151328-1-768x576.jpg 768w\" sizes=\"(max-width: 900px) 100vw, 900px\" \/><\/a><\/figure>\n\n\n\n<figure class=\"wp-block-image size-large\"><a href=\"https:\/\/www.marcpetrusa.fr\/wp-content\/uploads\/2022\/05\/20210909_170657-1.jpg\"><img loading=\"lazy\" decoding=\"async\" width=\"900\" height=\"717\" data-id=\"403\" src=\"https:\/\/www.marcpetrusa.fr\/wp-content\/uploads\/2022\/05\/20210909_170657-1.jpg\" alt=\"\" class=\"wp-image-403\" srcset=\"https:\/\/www.marcpetrusa.fr\/wp-content\/uploads\/2022\/05\/20210909_170657-1.jpg 900w, https:\/\/www.marcpetrusa.fr\/wp-content\/uploads\/2022\/05\/20210909_170657-1-300x239.jpg 300w, https:\/\/www.marcpetrusa.fr\/wp-content\/uploads\/2022\/05\/20210909_170657-1-768x612.jpg 768w\" sizes=\"(max-width: 900px) 100vw, 900px\" \/><\/a><\/figure>\n\n\n\n<figure class=\"wp-block-image size-large\"><a href=\"https:\/\/www.marcpetrusa.fr\/wp-content\/uploads\/2022\/05\/20210909_170640-1.jpg\"><img loading=\"lazy\" decoding=\"async\" width=\"900\" height=\"675\" data-id=\"402\" src=\"https:\/\/www.marcpetrusa.fr\/wp-content\/uploads\/2022\/05\/20210909_170640-1.jpg\" alt=\"\" class=\"wp-image-402\" srcset=\"https:\/\/www.marcpetrusa.fr\/wp-content\/uploads\/2022\/05\/20210909_170640-1.jpg 900w, https:\/\/www.marcpetrusa.fr\/wp-content\/uploads\/2022\/05\/20210909_170640-1-300x225.jpg 300w, https:\/\/www.marcpetrusa.fr\/wp-content\/uploads\/2022\/05\/20210909_170640-1-768x576.jpg 768w\" sizes=\"(max-width: 900px) 100vw, 900px\" \/><\/a><\/figure>\n\n\n\n<figure class=\"wp-block-image size-large\"><a href=\"https:\/\/www.marcpetrusa.fr\/wp-content\/uploads\/2022\/05\/20210909_170639-1.jpg\"><img loading=\"lazy\" decoding=\"async\" width=\"900\" height=\"753\" data-id=\"401\" src=\"https:\/\/www.marcpetrusa.fr\/wp-content\/uploads\/2022\/05\/20210909_170639-1.jpg\" alt=\"\" class=\"wp-image-401\" srcset=\"https:\/\/www.marcpetrusa.fr\/wp-content\/uploads\/2022\/05\/20210909_170639-1.jpg 900w, https:\/\/www.marcpetrusa.fr\/wp-content\/uploads\/2022\/05\/20210909_170639-1-300x251.jpg 300w, https:\/\/www.marcpetrusa.fr\/wp-content\/uploads\/2022\/05\/20210909_170639-1-768x643.jpg 768w\" sizes=\"(max-width: 900px) 100vw, 900px\" \/><\/a><\/figure>\n\n\n\n<figure class=\"wp-block-image size-large\"><a href=\"https:\/\/www.marcpetrusa.fr\/wp-content\/uploads\/2022\/05\/20210919_151328.jpg\"><img loading=\"lazy\" decoding=\"async\" width=\"900\" height=\"675\" data-id=\"396\" src=\"https:\/\/www.marcpetrusa.fr\/wp-content\/uploads\/2022\/05\/20210919_151328.jpg\" alt=\"\" class=\"wp-image-396\" srcset=\"https:\/\/www.marcpetrusa.fr\/wp-content\/uploads\/2022\/05\/20210919_151328.jpg 900w, https:\/\/www.marcpetrusa.fr\/wp-content\/uploads\/2022\/05\/20210919_151328-300x225.jpg 300w, https:\/\/www.marcpetrusa.fr\/wp-content\/uploads\/2022\/05\/20210919_151328-768x576.jpg 768w\" sizes=\"(max-width: 900px) 100vw, 900px\" \/><\/a><\/figure>\n\n\n\n<figure class=\"wp-block-image size-large\"><a href=\"https:\/\/www.marcpetrusa.fr\/wp-content\/uploads\/2022\/05\/20210919_151241.jpg\"><img loading=\"lazy\" decoding=\"async\" width=\"900\" height=\"1200\" data-id=\"395\" src=\"https:\/\/www.marcpetrusa.fr\/wp-content\/uploads\/2022\/05\/20210919_151241.jpg\" alt=\"\" class=\"wp-image-395\" srcset=\"https:\/\/www.marcpetrusa.fr\/wp-content\/uploads\/2022\/05\/20210919_151241.jpg 900w, https:\/\/www.marcpetrusa.fr\/wp-content\/uploads\/2022\/05\/20210919_151241-225x300.jpg 225w, https:\/\/www.marcpetrusa.fr\/wp-content\/uploads\/2022\/05\/20210919_151241-768x1024.jpg 768w\" sizes=\"(max-width: 900px) 100vw, 900px\" \/><\/a><\/figure>\n\n\n\n<figure class=\"wp-block-image size-large\"><a href=\"https:\/\/www.marcpetrusa.fr\/wp-content\/uploads\/2022\/05\/20210920_154309.jpg\"><img loading=\"lazy\" decoding=\"async\" width=\"900\" height=\"826\" data-id=\"394\" src=\"https:\/\/www.marcpetrusa.fr\/wp-content\/uploads\/2022\/05\/20210920_154309.jpg\" alt=\"\" class=\"wp-image-394\" srcset=\"https:\/\/www.marcpetrusa.fr\/wp-content\/uploads\/2022\/05\/20210920_154309.jpg 900w, https:\/\/www.marcpetrusa.fr\/wp-content\/uploads\/2022\/05\/20210920_154309-300x275.jpg 300w, https:\/\/www.marcpetrusa.fr\/wp-content\/uploads\/2022\/05\/20210920_154309-768x705.jpg 768w\" sizes=\"(max-width: 900px) 100vw, 900px\" \/><\/a><\/figure>\n<\/figure>\n\n\n\n<p class=\"has-text-align-center wp-block-paragraph\"><\/p>\n\n\n\n<figure class=\"wp-block-gallery has-nested-images columns-4 is-cropped wp-block-gallery-3 is-layout-flex wp-block-gallery-is-layout-flex\">\n<figure class=\"wp-block-image size-large\"><a href=\"https:\/\/www.marcpetrusa.fr\/wp-content\/uploads\/2022\/05\/2021-31-1.jpg\"><img loading=\"lazy\" decoding=\"async\" width=\"900\" height=\"1334\" data-id=\"618\" src=\"https:\/\/www.marcpetrusa.fr\/wp-content\/uploads\/2022\/05\/2021-31-1.jpg\" alt=\"\" class=\"wp-image-618\" srcset=\"https:\/\/www.marcpetrusa.fr\/wp-content\/uploads\/2022\/05\/2021-31-1.jpg 900w, https:\/\/www.marcpetrusa.fr\/wp-content\/uploads\/2022\/05\/2021-31-1-202x300.jpg 202w, https:\/\/www.marcpetrusa.fr\/wp-content\/uploads\/2022\/05\/2021-31-1-691x1024.jpg 691w, https:\/\/www.marcpetrusa.fr\/wp-content\/uploads\/2022\/05\/2021-31-1-768x1138.jpg 768w\" sizes=\"(max-width: 900px) 100vw, 900px\" \/><\/a><figcaption><sub><strong><em>2021 &#8211; 31<\/em><\/strong><br>(Landrues)<\/sub><\/figcaption><\/figure>\n\n\n\n<figure class=\"wp-block-image size-large\"><a href=\"https:\/\/www.marcpetrusa.fr\/wp-content\/uploads\/2022\/05\/2021-33-1.jpg\"><img loading=\"lazy\" decoding=\"async\" width=\"900\" height=\"1328\" data-id=\"616\" src=\"https:\/\/www.marcpetrusa.fr\/wp-content\/uploads\/2022\/05\/2021-33-1.jpg\" alt=\"\" class=\"wp-image-616\" srcset=\"https:\/\/www.marcpetrusa.fr\/wp-content\/uploads\/2022\/05\/2021-33-1.jpg 900w, https:\/\/www.marcpetrusa.fr\/wp-content\/uploads\/2022\/05\/2021-33-1-203x300.jpg 203w, https:\/\/www.marcpetrusa.fr\/wp-content\/uploads\/2022\/05\/2021-33-1-694x1024.jpg 694w, https:\/\/www.marcpetrusa.fr\/wp-content\/uploads\/2022\/05\/2021-33-1-768x1133.jpg 768w\" sizes=\"(max-width: 900px) 100vw, 900px\" \/><\/a><figcaption><sub><strong><em>2021 &#8211; 33<\/em><\/strong><br>(Queer)<\/sub><\/figcaption><\/figure>\n\n\n\n<figure class=\"wp-block-image size-large\"><a href=\"https:\/\/www.marcpetrusa.fr\/wp-content\/uploads\/2022\/05\/2021-32-1.jpg\"><img loading=\"lazy\" decoding=\"async\" width=\"900\" height=\"1335\" data-id=\"617\" src=\"https:\/\/www.marcpetrusa.fr\/wp-content\/uploads\/2022\/05\/2021-32-1.jpg\" alt=\"\" class=\"wp-image-617\" srcset=\"https:\/\/www.marcpetrusa.fr\/wp-content\/uploads\/2022\/05\/2021-32-1.jpg 900w, https:\/\/www.marcpetrusa.fr\/wp-content\/uploads\/2022\/05\/2021-32-1-202x300.jpg 202w, https:\/\/www.marcpetrusa.fr\/wp-content\/uploads\/2022\/05\/2021-32-1-690x1024.jpg 690w, https:\/\/www.marcpetrusa.fr\/wp-content\/uploads\/2022\/05\/2021-32-1-768x1139.jpg 768w\" sizes=\"(max-width: 900px) 100vw, 900px\" \/><\/a><figcaption><strong><em><sub>2021 &#8211; 32<\/sub><\/em><\/strong><br><sub>(Hinque)<\/sub><\/figcaption><\/figure>\n\n\n\n<figure class=\"wp-block-image size-large\"><a href=\"https:\/\/www.marcpetrusa.fr\/wp-content\/uploads\/2022\/05\/2021-7.jpg\"><img loading=\"lazy\" decoding=\"async\" width=\"900\" height=\"1354\" data-id=\"582\" src=\"https:\/\/www.marcpetrusa.fr\/wp-content\/uploads\/2022\/05\/2021-7.jpg\" alt=\"\" class=\"wp-image-582\" srcset=\"https:\/\/www.marcpetrusa.fr\/wp-content\/uploads\/2022\/05\/2021-7.jpg 900w, https:\/\/www.marcpetrusa.fr\/wp-content\/uploads\/2022\/05\/2021-7-199x300.jpg 199w, https:\/\/www.marcpetrusa.fr\/wp-content\/uploads\/2022\/05\/2021-7-681x1024.jpg 681w, https:\/\/www.marcpetrusa.fr\/wp-content\/uploads\/2022\/05\/2021-7-768x1155.jpg 768w\" sizes=\"(max-width: 900px) 100vw, 900px\" \/><\/a><figcaption><sub><em><strong>2021 &#8211; 7<\/strong><\/em><br>(Gueule cass\u00e9e chanteur)<\/sub><\/figcaption><\/figure>\n\n\n\n<figure class=\"wp-block-image size-large\"><a href=\"https:\/\/www.marcpetrusa.fr\/wp-content\/uploads\/2022\/05\/2021-10.jpg\"><img loading=\"lazy\" decoding=\"async\" width=\"900\" height=\"1293\" data-id=\"579\" src=\"https:\/\/www.marcpetrusa.fr\/wp-content\/uploads\/2022\/05\/2021-10.jpg\" alt=\"\" class=\"wp-image-579\" srcset=\"https:\/\/www.marcpetrusa.fr\/wp-content\/uploads\/2022\/05\/2021-10.jpg 900w, https:\/\/www.marcpetrusa.fr\/wp-content\/uploads\/2022\/05\/2021-10-209x300.jpg 209w, https:\/\/www.marcpetrusa.fr\/wp-content\/uploads\/2022\/05\/2021-10-713x1024.jpg 713w, https:\/\/www.marcpetrusa.fr\/wp-content\/uploads\/2022\/05\/2021-10-768x1103.jpg 768w\" sizes=\"(max-width: 900px) 100vw, 900px\" \/><\/a><figcaption><sub><em><strong>2021 &#8211; 10<\/strong><\/em><br>(Gueule cass\u00e9e veste rouge)<\/sub><\/figcaption><\/figure>\n\n\n\n<figure class=\"wp-block-image size-large\"><a href=\"https:\/\/www.marcpetrusa.fr\/wp-content\/uploads\/2022\/05\/2021-18-1.jpg\"><img loading=\"lazy\" decoding=\"async\" width=\"900\" height=\"1366\" data-id=\"580\" src=\"https:\/\/www.marcpetrusa.fr\/wp-content\/uploads\/2022\/05\/2021-18-1.jpg\" alt=\"\" class=\"wp-image-580\" srcset=\"https:\/\/www.marcpetrusa.fr\/wp-content\/uploads\/2022\/05\/2021-18-1.jpg 900w, https:\/\/www.marcpetrusa.fr\/wp-content\/uploads\/2022\/05\/2021-18-1-198x300.jpg 198w, https:\/\/www.marcpetrusa.fr\/wp-content\/uploads\/2022\/05\/2021-18-1-675x1024.jpg 675w, https:\/\/www.marcpetrusa.fr\/wp-content\/uploads\/2022\/05\/2021-18-1-768x1166.jpg 768w\" sizes=\"(max-width: 900px) 100vw, 900px\" \/><\/a><figcaption><sub><em><strong>2021 &#8211; 18<\/strong><\/em><br>(Gueule cass\u00e9e souriante)<\/sub><\/figcaption><\/figure>\n\n\n\n<figure class=\"wp-block-image size-large\"><a href=\"https:\/\/www.marcpetrusa.fr\/wp-content\/uploads\/2022\/05\/2021-8.jpg\"><img loading=\"lazy\" decoding=\"async\" width=\"900\" height=\"1281\" data-id=\"581\" src=\"https:\/\/www.marcpetrusa.fr\/wp-content\/uploads\/2022\/05\/2021-8.jpg\" alt=\"\" class=\"wp-image-581\" srcset=\"https:\/\/www.marcpetrusa.fr\/wp-content\/uploads\/2022\/05\/2021-8.jpg 900w, https:\/\/www.marcpetrusa.fr\/wp-content\/uploads\/2022\/05\/2021-8-211x300.jpg 211w, https:\/\/www.marcpetrusa.fr\/wp-content\/uploads\/2022\/05\/2021-8-719x1024.jpg 719w, https:\/\/www.marcpetrusa.fr\/wp-content\/uploads\/2022\/05\/2021-8-768x1093.jpg 768w\" sizes=\"(max-width: 900px) 100vw, 900px\" \/><\/a><figcaption><sub><em><strong>2021 &#8211; 8<\/strong><\/em><br>(Gueule cass\u00e9e Pontormo)<\/sub><\/figcaption><\/figure>\n\n\n\n<figure class=\"wp-block-image size-large\"><a href=\"https:\/\/www.marcpetrusa.fr\/wp-content\/uploads\/2022\/05\/2021-9.jpg\"><img loading=\"lazy\" decoding=\"async\" width=\"900\" height=\"1274\" data-id=\"571\" src=\"https:\/\/www.marcpetrusa.fr\/wp-content\/uploads\/2022\/05\/2021-9.jpg\" alt=\"\" class=\"wp-image-571\" srcset=\"https:\/\/www.marcpetrusa.fr\/wp-content\/uploads\/2022\/05\/2021-9.jpg 900w, https:\/\/www.marcpetrusa.fr\/wp-content\/uploads\/2022\/05\/2021-9-212x300.jpg 212w, https:\/\/www.marcpetrusa.fr\/wp-content\/uploads\/2022\/05\/2021-9-723x1024.jpg 723w, https:\/\/www.marcpetrusa.fr\/wp-content\/uploads\/2022\/05\/2021-9-768x1087.jpg 768w\" sizes=\"(max-width: 900px) 100vw, 900px\" \/><\/a><figcaption><sub><em><strong>2021 &#8211; 9<\/strong><\/em><br>(Gueule cass\u00e9e rose)<\/sub><\/figcaption><\/figure>\n\n\n\n<figure class=\"wp-block-image size-large\"><a href=\"https:\/\/www.marcpetrusa.fr\/wp-content\/uploads\/2022\/05\/2021-50-E-F-G-H-1.jpg\"><img loading=\"lazy\" decoding=\"async\" width=\"900\" height=\"1234\" data-id=\"601\" src=\"https:\/\/www.marcpetrusa.fr\/wp-content\/uploads\/2022\/05\/2021-50-E-F-G-H-1.jpg\" alt=\"\" class=\"wp-image-601\" srcset=\"https:\/\/www.marcpetrusa.fr\/wp-content\/uploads\/2022\/05\/2021-50-E-F-G-H-1.jpg 900w, https:\/\/www.marcpetrusa.fr\/wp-content\/uploads\/2022\/05\/2021-50-E-F-G-H-1-219x300.jpg 219w, https:\/\/www.marcpetrusa.fr\/wp-content\/uploads\/2022\/05\/2021-50-E-F-G-H-1-747x1024.jpg 747w, https:\/\/www.marcpetrusa.fr\/wp-content\/uploads\/2022\/05\/2021-50-E-F-G-H-1-768x1053.jpg 768w\" sizes=\"(max-width: 900px) 100vw, 900px\" \/><\/a><figcaption><sub><em><strong>2021 &#8211; 50<\/strong><\/em><br>(Autrouportrait)<\/sub><\/figcaption><\/figure>\n<\/figure>\n\n\n\n<p class=\"has-text-align-center has-text-color wp-block-paragraph\" style=\"color:#302f2f\">***<\/p>\n\n\n\n<p class=\"has-text-align-center has-text-color wp-block-paragraph\" style=\"color:#302f2f\"><strong><em>Merci \u00e0 Grigori Michel pour cette exposition<\/em><\/strong><\/p>\n\n\n\n<p class=\"has-text-color wp-block-paragraph\" style=\"color:#302f2f\"><\/p>\n\n\n\n<p class=\"has-text-align-center wp-block-paragraph\"><\/p>\n\n\n\n<p class=\"wp-block-paragraph\"><\/p>\n\n\n\n<p class=\"wp-block-paragraph\"><\/p>\n\n\n\n<p class=\"wp-block-paragraph\"><\/p>\n\n\n\n<p class=\"wp-block-paragraph\"><\/p>\n\n\n\n<p class=\"wp-block-paragraph\"><\/p>\n\n\n\n<p class=\"wp-block-paragraph\"><\/p>\n\n\n\n<p class=\"wp-block-paragraph\"><\/p>\n","protected":false},"excerpt":{"rendered":"<p>Exposition Morpho.Quai36 Exposition de groupe organis\u00e9e par l&rsquo;association Quai 36 et Novaxia dans les anciens locaux du Mus\u00e9e Pierre Cardin \u00e0 Saint-Ouen sur Seine du 16 septembre au 15 d\u00e9cembre 2021. Le projet Morpho a investi un lieu en pleine mutation mis \u00e0 disposition par Novaxia Investissement avec la volont\u00e9 de cr\u00e9er un lien social [&hellip;]<\/p>\n","protected":false},"author":2,"featured_media":0,"parent":0,"menu_order":0,"comment_status":"closed","ping_status":"closed","template":"","meta":{"_seopress_robots_primary_cat":"","_seopress_titles_title":"","_seopress_titles_desc":"","_seopress_robots_index":"","_seopress_analysis_target_kw":"","_crdt_document":"","ocean_post_layout":"full-width","ocean_both_sidebars_style":"","ocean_both_sidebars_content_width":0,"ocean_both_sidebars_sidebars_width":0,"ocean_sidebar":"0","ocean_second_sidebar":"0","ocean_disable_margins":"enable","ocean_add_body_class":"","ocean_shortcode_before_top_bar":"","ocean_shortcode_after_top_bar":"","ocean_shortcode_before_header":"","ocean_shortcode_after_header":"","ocean_has_shortcode":"","ocean_shortcode_after_title":"","ocean_shortcode_before_footer_widgets":"","ocean_shortcode_after_footer_widgets":"","ocean_shortcode_before_footer_bottom":"","ocean_shortcode_after_footer_bottom":"","ocean_display_top_bar":"default","ocean_display_header":"default","ocean_header_style":"","ocean_center_header_left_menu":"0","ocean_custom_header_template":"0","ocean_custom_logo":0,"ocean_custom_retina_logo":0,"ocean_custom_logo_max_width":0,"ocean_custom_logo_tablet_max_width":0,"ocean_custom_logo_mobile_max_width":0,"ocean_custom_logo_max_height":0,"ocean_custom_logo_tablet_max_height":0,"ocean_custom_logo_mobile_max_height":0,"ocean_header_custom_menu":"0","ocean_menu_typo_font_family":"0","ocean_menu_typo_font_subset":"","ocean_menu_typo_font_size":0,"ocean_menu_typo_font_size_tablet":0,"ocean_menu_typo_font_size_mobile":0,"ocean_menu_typo_font_size_unit":"px","ocean_menu_typo_font_weight":"","ocean_menu_typo_font_weight_tablet":"","ocean_menu_typo_font_weight_mobile":"","ocean_menu_typo_transform":"","ocean_menu_typo_transform_tablet":"","ocean_menu_typo_transform_mobile":"","ocean_menu_typo_line_height":0,"ocean_menu_typo_line_height_tablet":0,"ocean_menu_typo_line_height_mobile":0,"ocean_menu_typo_line_height_unit":"","ocean_menu_typo_spacing":0,"ocean_menu_typo_spacing_tablet":0,"ocean_menu_typo_spacing_mobile":0,"ocean_menu_typo_spacing_unit":"","ocean_menu_link_color":"","ocean_menu_link_color_hover":"","ocean_menu_link_color_active":"","ocean_menu_link_background":"","ocean_menu_link_hover_background":"","ocean_menu_link_active_background":"","ocean_menu_social_links_bg":"","ocean_menu_social_hover_links_bg":"","ocean_menu_social_links_color":"","ocean_menu_social_hover_links_color":"","ocean_disable_title":"default","ocean_disable_heading":"default","ocean_post_title":"","ocean_post_subheading":"","ocean_post_title_style":"","ocean_post_title_background_color":"","ocean_post_title_background":0,"ocean_post_title_bg_image_position":"","ocean_post_title_bg_image_attachment":"","ocean_post_title_bg_image_repeat":"","ocean_post_title_bg_image_size":"","ocean_post_title_height":0,"ocean_post_title_bg_overlay":0.5,"ocean_post_title_bg_overlay_color":"","ocean_disable_breadcrumbs":"default","ocean_breadcrumbs_color":"","ocean_breadcrumbs_separator_color":"","ocean_breadcrumbs_links_color":"","ocean_breadcrumbs_links_hover_color":"","ocean_display_footer_widgets":"default","ocean_display_footer_bottom":"default","ocean_custom_footer_template":"0","footnotes":""},"categories":[],"tags":[],"class_list":["post-388","page","type-page","status-publish","hentry","entry"],"_links":{"self":[{"href":"https:\/\/www.marcpetrusa.fr\/index.php?rest_route=\/wp\/v2\/pages\/388","targetHints":{"allow":["GET"]}}],"collection":[{"href":"https:\/\/www.marcpetrusa.fr\/index.php?rest_route=\/wp\/v2\/pages"}],"about":[{"href":"https:\/\/www.marcpetrusa.fr\/index.php?rest_route=\/wp\/v2\/types\/page"}],"author":[{"embeddable":true,"href":"https:\/\/www.marcpetrusa.fr\/index.php?rest_route=\/wp\/v2\/users\/2"}],"replies":[{"embeddable":true,"href":"https:\/\/www.marcpetrusa.fr\/index.php?rest_route=%2Fwp%2Fv2%2Fcomments&post=388"}],"version-history":[{"count":30,"href":"https:\/\/www.marcpetrusa.fr\/index.php?rest_route=\/wp\/v2\/pages\/388\/revisions"}],"predecessor-version":[{"id":1764,"href":"https:\/\/www.marcpetrusa.fr\/index.php?rest_route=\/wp\/v2\/pages\/388\/revisions\/1764"}],"wp:attachment":[{"href":"https:\/\/www.marcpetrusa.fr\/index.php?rest_route=%2Fwp%2Fv2%2Fmedia&parent=388"}],"wp:term":[{"taxonomy":"category","embeddable":true,"href":"https:\/\/www.marcpetrusa.fr\/index.php?rest_route=%2Fwp%2Fv2%2Fcategories&post=388"},{"taxonomy":"post_tag","embeddable":true,"href":"https:\/\/www.marcpetrusa.fr\/index.php?rest_route=%2Fwp%2Fv2%2Ftags&post=388"}],"curies":[{"name":"wp","href":"https:\/\/api.w.org\/{rel}","templated":true}]}}