{"id":55,"date":"2022-04-26T18:37:15","date_gmt":"2022-04-26T16:37:15","guid":{"rendered":"https:\/\/www.marcpetrusa.fr\/?page_id=55"},"modified":"2025-12-04T12:12:09","modified_gmt":"2025-12-04T11:12:09","slug":"bio","status":"publish","type":"page","link":"https:\/\/www.marcpetrusa.fr\/?page_id=55","title":{"rendered":"Bio"},"content":{"rendered":"\n<p class=\"has-text-align-center has-text-color has-medium-font-size wp-block-paragraph\" style=\"color:#363535\"><strong><em>Bio<\/em><\/strong><\/p>\n\n\n\n<p class=\"wp-block-paragraph\"><\/p>\n\n\n<div class=\"wp-block-image\">\n<figure class=\"aligncenter size-large is-resized\"><img fetchpriority=\"high\" decoding=\"async\" width=\"691\" height=\"1024\" src=\"https:\/\/www.marcpetrusa.fr\/wp-content\/uploads\/2023\/04\/2021-31-691x1024.jpg\" alt=\"\" class=\"wp-image-3545\" style=\"width:138px;height:204px\" srcset=\"https:\/\/www.marcpetrusa.fr\/wp-content\/uploads\/2023\/04\/2021-31-691x1024.jpg 691w, https:\/\/www.marcpetrusa.fr\/wp-content\/uploads\/2023\/04\/2021-31-202x300.jpg 202w, https:\/\/www.marcpetrusa.fr\/wp-content\/uploads\/2023\/04\/2021-31-768x1138.jpg 768w, https:\/\/www.marcpetrusa.fr\/wp-content\/uploads\/2023\/04\/2021-31-1036x1536.jpg 1036w, https:\/\/www.marcpetrusa.fr\/wp-content\/uploads\/2023\/04\/2021-31.jpg 1294w\" sizes=\"(max-width: 691px) 100vw, 691px\" \/><\/figure>\n<\/div>\n\n\n<p class=\"has-text-align-center wp-block-paragraph\"><em>2021 &#8211; 31 <\/em>(Landrues)<\/p>\n\n\n\n<p class=\"wp-block-paragraph\"><\/p>\n\n\n\n<p class=\"has-text-align-center wp-block-paragraph\">La production d\u2019un artiste est pour une part le reflet de son histoire personnelle. N\u00e9 en Alg\u00e9rie, au commencement de la guerre d\u2019Ind\u00e9pendance, l\u2019artiste a v\u00e9cu dans un environnement aujourd\u2019hui disparu. L\u2019exil en France m\u00e9tropolitaine lors de l\u2019ind\u00e9pendance d\u2019Alg\u00e9rie a \u00e9t\u00e9 l\u2019occasion d\u2019une exp\u00e9rience particuli\u00e8re, \u00eatre \u00e9tranger dans son propre pays, \u201cfran\u00e7ais\u201d en Alg\u00e9rie puis \u201cpied-noir\u201d en France, dans les deux cas un \u201c\u00e9tranger\u201d. Cette exp\u00e9rience a \u00e9t\u00e9 essentielle pour le d\u00e9veloppement de son travail artistique. Celui-ci s\u2019est en effet appuy\u00e9 principalement sur une question : comment faire cohabiter le m\u00eame et le diff\u00e9rent ? Cette disjonction s\u2019est d\u2019abord exprim\u00e9e dans un registre abstrait puis figuratif. Celui-ci lui permettant aujourd\u2019hui, notamment gr\u00e2ce \u00e0 la figure humaine, de poser une \u201cunit\u00e9\u201d, celle du sujet, pouvant \u00eatre mise en tension par la peinture elle-m\u00eame \u00e0 travers plusieurs esth\u00e9tiques, plusieurs techniques, plusieurs espaces.<\/p>\n\n\n\n<p class=\"wp-block-paragraph\"><\/p>\n\n\n\n<p class=\"wp-block-paragraph\"><\/p>\n\n\n\n<p class=\"has-text-align-center wp-block-paragraph\">***<\/p>\n\n\n\n<p class=\"wp-block-paragraph\"><\/p>\n\n\n\n<p class=\"wp-block-paragraph\"><\/p>\n\n\n\n<p class=\"has-text-color wp-block-paragraph\" style=\"color:#3e3d3d\">Marc Petrusa est un artiste fran\u00e7ais n\u00e9 en 1954.<\/p>\n\n\n\n<p class=\"has-text-color wp-block-paragraph\" style=\"color:#3e3d3d\">Apr\u00e8s un dipl\u00f4me d\u2019architecte, il choisit de se consacrer \u00e0 l\u2019art. Il m\u00e8ne parall\u00e8lement une double carri\u00e8re d\u2019enseignant et d\u2019artiste.<\/p>\n\n\n\n<p class=\"has-text-color wp-block-paragraph\" style=\"color:#3e3d3d\"><a><\/a> Centr\u00e9 principalement sur la peinture, son travail aborde aussi bien l\u2019installation que la sculpture. Les \u0153uvres, souvent de grand format, m\u00ealent plusieurs techniques et cette caract\u00e9ristique est \u00e0 l\u2019image des recherches de l\u2019artiste<strong>.<\/strong><\/p>\n\n\n\n<p class=\"has-text-color wp-block-paragraph\" style=\"color:#3e3d3d\">En effet, l\u2019h\u00e9t\u00e9rog\u00e9n\u00e9it\u00e9 est le c\u0153ur de son travail. \u00c0 une \u00e9poque o\u00f9 la notion d\u2019individu est remise en question et o\u00f9 le moi appara\u00eet comme une construction instable, voire ind\u00e9finie, son travail s\u2019en veut un \u00e9cho.<\/p>\n\n\n\n<p class=\"has-text-color wp-block-paragraph\" style=\"color:#3e3d3d\">Chacune de ses \u0153uvres pourrait \u00eatre per\u00e7ue comme un <em>Cadavre Exquis<\/em>, si ce n\u2019est que ce jeu, invent\u00e9 par les surr\u00e9alistes, n\u00e9cessite plusieurs individus. Ici, con\u00e7ues par un seul artiste, les peintures installent un climat \u00e9trange d\u00fb \u00e0 la disparit\u00e9 des \u00e9l\u00e9ments. L\u2019artiste ne cherche pas une fa\u00e7on de peindre unique et reconnaissable&nbsp;: chaque cr\u00e9ation se pr\u00e9sente comme la somme instable de plusieurs approches.<\/p>\n\n\n\n<p class=\"has-text-color wp-block-paragraph\" style=\"color:#3e3d3d\">Les motifs repr\u00e9sent\u00e9s s\u2019imposent au terme d\u2019une gestation qui combine hasard, images trouv\u00e9es et exp\u00e9rimentations techniques. Accessoires au regard de l\u2019importance que l\u2019artiste accorde \u00e0 la peinture elle-m\u00eame, ils sont pourtant essentiels \u00e0 la structure de l\u2019\u0153uvre. Aujourd\u2019hui figuratifs, ils renvoient \u00e0 des types identifiables et remplacent les motifs abstraits autrefois utilis\u00e9s.<\/p>\n\n\n\n<p class=\"has-text-color wp-block-paragraph\" style=\"color:#3e3d3d\">Ni image, ni collage, l\u2019\u0153uvre installe une unit\u00e9 pr\u00e9caire, celle du sujet, mise en p\u00e9ril par la peinture elle-m\u00eame.<\/p>\n\n\n\n<p class=\"has-text-color wp-block-paragraph\" style=\"color:#3e3d3d\">Marc Petrusa travaille \u00e0 Paris et dans la Sarthe. Ses \u0153uvres se trouvent principalement chez des collectionneurs priv\u00e9s en France et aux Etats-Unis.<\/p>\n\n\n\n<p class=\"has-text-align-center has-text-color wp-block-paragraph\" style=\"color:#3e3d3d\">&nbsp; ***<\/p>\n\n\n\n<p class=\"has-text-color wp-block-paragraph\" style=\"color:#3e3d3d\"><\/p>\n\n\n\n<p class=\"has-text-color wp-block-paragraph\" style=\"color:#3e3d3d\"><strong>Expositions :<\/strong><\/p>\n\n\n\n<p class=\"wp-block-paragraph\">2025. Exposition collective, <strong><em><a href=\"https:\/\/www.marcpetrusa.fr\/?page_id=7336\" data-type=\"page\" data-id=\"7336\">Erya<\/a><\/em><\/strong>, Dreux.<\/p>\n\n\n\n<p class=\"wp-block-paragraph\">2025. Exposition personnelle, <strong><em><a href=\"https:\/\/www.marcpetrusa.fr\/?page_id=7133\" data-type=\"page\" data-id=\"7133\">Singer<\/a><\/em><\/strong>, M\u00e9diath\u00e8que de Saint Calais.<\/p>\n\n\n\n<p class=\"wp-block-paragraph\">2024. Exposition personnelle, <a href=\"https:\/\/www.marcpetrusa.fr\/?page_id=5359\" data-type=\"page\" data-id=\"5359\"><strong><em>Anima<\/em><\/strong><\/a>, Caveau des R\u00e9collets. Ch\u00e2teau-du-Loir.<\/p>\n\n\n\n<p class=\"wp-block-paragraph\">2024. Exposition collective. <a href=\"https:\/\/www.marcpetrusa.fr\/?page_id=5310\" data-type=\"page\" data-id=\"5310\"><strong>Art@KerBaskiou<\/strong><\/a>. Manoir de KerBaskiou. Pluguffan.<\/p>\n\n\n\n<p class=\"has-text-color wp-block-paragraph\" style=\"color:#3e3d3d\">2022. Exposition collective. <a href=\"https:\/\/www.marcpetrusa.fr\/?page_id=444\"><strong>Galerie OpenBach<\/strong><\/a>. <em>Un certain surr\u00e9alisme contemporain.<\/em> Paris.<\/p>\n\n\n\n<p class=\"has-text-color wp-block-paragraph\" style=\"color:#3e3d3d\">2021. Exposition collective.<strong> <a href=\"https:\/\/www.marcpetrusa.fr\/?page_id=388\">Morpho-Quai36<\/a><\/strong>, <em>Part de l\u00e0, le portrait<\/em>. Mus\u00e9e Pierre Cardin. Saint-Ouen-sur-Seine.<\/p>\n\n\n\n<p class=\"has-text-color wp-block-paragraph\" style=\"color:#3e3d3d\">2020. Exposition collective. <em>Maison Contemporain #3<\/em>, Galerie Bertrand Grimont. Paris.<\/p>\n\n\n\n<p class=\"has-text-color wp-block-paragraph\" style=\"color:#3e3d3d\">1994. Exposition personnelle, <em><strong><a href=\"https:\/\/www.marcpetrusa.fr\/?page_id=1577\">dans la voiture<\/a><\/strong><\/em>, Le Marais, Paris,<\/p>\n\n\n\n<p class=\"has-text-color wp-block-paragraph\" style=\"color:#3e3d3d\">1993. Exposition collective, <em><strong><a href=\"https:\/\/www.marcpetrusa.fr\/?page_id=1657\">Images en sc\u00e8ne<\/a><\/strong><\/em>, Palais de Tokyo. Paris.<\/p>\n\n\n\n<p class=\"has-text-color wp-block-paragraph\" style=\"color:#3e3d3d\">1993. Salon de Montrouge.<\/p>\n\n\n\n<p class=\"has-text-color wp-block-paragraph\" style=\"color:#3e3d3d\">1991. Exposition collective, <em>Le ressort de la cr\u00e9ativit\u00e9<\/em>, Paris, Chamb\u00e9ry, Bielefeld.<\/p>\n\n\n\n<p class=\"has-text-color wp-block-paragraph\" style=\"color:#3e3d3d\">1988. Exposition personnelle, <em>Saisi.<\/em> Mus\u00e9e des Beaux-arts d\u2019Angoul\u00eame.<\/p>\n\n\n\n<p class=\"has-text-color wp-block-paragraph\" style=\"color:#3e3d3d\"><strong>Publications :<\/strong><\/p>\n\n\n\n<p class=\"has-text-color wp-block-paragraph\" style=\"color:#3e3d3d\">2021.  <strong><a rel=\"noreferrer noopener\" href=\"https:\/\/www.neworleansreview.org\/spray-it-dont-say-it\/\" target=\"_blank\">https:\/\/www.neworleansreview.org\/spray-it-dont-say-it\/<\/a> <\/strong> \u2013 <em>Spray It; Don\u2019t Say It<\/em>. Art column by Emily Farranto.<\/p>\n\n\n\n<p class=\"wp-block-paragraph\">2026 (\u00e0 para\u00eetre). <strong><em>Pareil &#8211; Pas pareil<\/em>.<\/strong> Editions de la Juti\u00e8re.<\/p>\n\n\n\n<p class=\"has-text-align-center has-text-color wp-block-paragraph\" style=\"color:#3e3d3d\">***<\/p>\n\n\n\n<p class=\"has-text-color has-small-font-size wp-block-paragraph\" style=\"color:#3e3d3d\">Pour les curieux, voici le lien vers un site de d\u00e9butant sur lequel sont conserv\u00e9s mes travaux plus <strong><a href=\"http:\/\/azurtep.free.fr\" target=\"_blank\" rel=\"noreferrer noopener\">anciens<\/a><\/strong>.<\/p>\n\n\n\n<p class=\"has-text-align-center has-text-color wp-block-paragraph\" style=\"color:#3e3d3d\">***<\/p>\n\n\n\n<p class=\"has-text-color wp-block-paragraph\" style=\"color:#3e3d3d\"><\/p>\n","protected":false},"excerpt":{"rendered":"<p>Bio 2021 &#8211; 31 (Landrues) La production d\u2019un artiste est pour une part le reflet de son histoire personnelle. N\u00e9 en Alg\u00e9rie, au commencement de la guerre d\u2019Ind\u00e9pendance, l\u2019artiste a v\u00e9cu dans un environnement aujourd\u2019hui disparu. L\u2019exil en France m\u00e9tropolitaine lors de l\u2019ind\u00e9pendance d\u2019Alg\u00e9rie a \u00e9t\u00e9 l\u2019occasion d\u2019une exp\u00e9rience particuli\u00e8re, \u00eatre \u00e9tranger dans son propre [&hellip;]<\/p>\n","protected":false},"author":2,"featured_media":0,"parent":0,"menu_order":0,"comment_status":"closed","ping_status":"closed","template":"","meta":{"_seopress_robots_primary_cat":"","_seopress_titles_title":"","_seopress_titles_desc":"","_seopress_robots_index":"","_crdt_document":"","ocean_post_layout":"full-width","ocean_both_sidebars_style":"","ocean_both_sidebars_content_width":0,"ocean_both_sidebars_sidebars_width":0,"ocean_sidebar":"0","ocean_second_sidebar":"0","ocean_disable_margins":"enable","ocean_add_body_class":"","ocean_shortcode_before_top_bar":"","ocean_shortcode_after_top_bar":"","ocean_shortcode_before_header":"","ocean_shortcode_after_header":"","ocean_has_shortcode":"","ocean_shortcode_after_title":"","ocean_shortcode_before_footer_widgets":"","ocean_shortcode_after_footer_widgets":"","ocean_shortcode_before_footer_bottom":"","ocean_shortcode_after_footer_bottom":"","ocean_display_top_bar":"default","ocean_display_header":"default","ocean_header_style":"","ocean_center_header_left_menu":"0","ocean_custom_header_template":"0","ocean_custom_logo":0,"ocean_custom_retina_logo":0,"ocean_custom_logo_max_width":0,"ocean_custom_logo_tablet_max_width":0,"ocean_custom_logo_mobile_max_width":0,"ocean_custom_logo_max_height":0,"ocean_custom_logo_tablet_max_height":0,"ocean_custom_logo_mobile_max_height":0,"ocean_header_custom_menu":"0","ocean_menu_typo_font_family":"0","ocean_menu_typo_font_subset":"","ocean_menu_typo_font_size":0,"ocean_menu_typo_font_size_tablet":0,"ocean_menu_typo_font_size_mobile":0,"ocean_menu_typo_font_size_unit":"px","ocean_menu_typo_font_weight":"","ocean_menu_typo_font_weight_tablet":"","ocean_menu_typo_font_weight_mobile":"","ocean_menu_typo_transform":"","ocean_menu_typo_transform_tablet":"","ocean_menu_typo_transform_mobile":"","ocean_menu_typo_line_height":0,"ocean_menu_typo_line_height_tablet":0,"ocean_menu_typo_line_height_mobile":0,"ocean_menu_typo_line_height_unit":"","ocean_menu_typo_spacing":0,"ocean_menu_typo_spacing_tablet":0,"ocean_menu_typo_spacing_mobile":0,"ocean_menu_typo_spacing_unit":"","ocean_menu_link_color":"","ocean_menu_link_color_hover":"","ocean_menu_link_color_active":"","ocean_menu_link_background":"","ocean_menu_link_hover_background":"","ocean_menu_link_active_background":"","ocean_menu_social_links_bg":"","ocean_menu_social_hover_links_bg":"","ocean_menu_social_links_color":"","ocean_menu_social_hover_links_color":"","ocean_disable_title":"default","ocean_disable_heading":"default","ocean_post_title":"","ocean_post_subheading":"","ocean_post_title_style":"","ocean_post_title_background_color":"","ocean_post_title_background":0,"ocean_post_title_bg_image_position":"","ocean_post_title_bg_image_attachment":"","ocean_post_title_bg_image_repeat":"","ocean_post_title_bg_image_size":"","ocean_post_title_height":0,"ocean_post_title_bg_overlay":0.5,"ocean_post_title_bg_overlay_color":"","ocean_disable_breadcrumbs":"default","ocean_breadcrumbs_color":"","ocean_breadcrumbs_separator_color":"","ocean_breadcrumbs_links_color":"","ocean_breadcrumbs_links_hover_color":"","ocean_display_footer_widgets":"default","ocean_display_footer_bottom":"default","ocean_custom_footer_template":"0","footnotes":""},"categories":[4],"tags":[],"class_list":["post-55","page","type-page","status-publish","hentry","category-bio","entry"],"_links":{"self":[{"href":"https:\/\/www.marcpetrusa.fr\/index.php?rest_route=\/wp\/v2\/pages\/55","targetHints":{"allow":["GET"]}}],"collection":[{"href":"https:\/\/www.marcpetrusa.fr\/index.php?rest_route=\/wp\/v2\/pages"}],"about":[{"href":"https:\/\/www.marcpetrusa.fr\/index.php?rest_route=\/wp\/v2\/types\/page"}],"author":[{"embeddable":true,"href":"https:\/\/www.marcpetrusa.fr\/index.php?rest_route=\/wp\/v2\/users\/2"}],"replies":[{"embeddable":true,"href":"https:\/\/www.marcpetrusa.fr\/index.php?rest_route=%2Fwp%2Fv2%2Fcomments&post=55"}],"version-history":[{"count":40,"href":"https:\/\/www.marcpetrusa.fr\/index.php?rest_route=\/wp\/v2\/pages\/55\/revisions"}],"predecessor-version":[{"id":8179,"href":"https:\/\/www.marcpetrusa.fr\/index.php?rest_route=\/wp\/v2\/pages\/55\/revisions\/8179"}],"wp:attachment":[{"href":"https:\/\/www.marcpetrusa.fr\/index.php?rest_route=%2Fwp%2Fv2%2Fmedia&parent=55"}],"wp:term":[{"taxonomy":"category","embeddable":true,"href":"https:\/\/www.marcpetrusa.fr\/index.php?rest_route=%2Fwp%2Fv2%2Fcategories&post=55"},{"taxonomy":"post_tag","embeddable":true,"href":"https:\/\/www.marcpetrusa.fr\/index.php?rest_route=%2Fwp%2Fv2%2Ftags&post=55"}],"curies":[{"name":"wp","href":"https:\/\/api.w.org\/{rel}","templated":true}]}}