{"id":7336,"date":"2025-06-05T19:10:30","date_gmt":"2025-06-05T17:10:30","guid":{"rendered":"https:\/\/www.marcpetrusa.fr\/?page_id=7336"},"modified":"2025-06-05T19:28:05","modified_gmt":"2025-06-05T17:28:05","slug":"expo-dreux","status":"publish","type":"page","link":"https:\/\/www.marcpetrusa.fr\/?page_id=7336","title":{"rendered":"Expo Dreux"},"content":{"rendered":"\n<p class=\"wp-block-paragraph\"><\/p>\n\n\n\n<p class=\"has-text-align-center has-medium-font-size wp-block-paragraph\"><strong>Chapelle de l&rsquo;H\u00f4tel-Dieu<\/strong><\/p>\n\n\n\n<p class=\"has-text-align-center wp-block-paragraph\"><br>Exposition collective organis\u00e9e par l\u2019association <em><strong>ERYA<\/strong><\/em> dans la Chapelle de l&rsquo;H\u00f4tel-Dieu \u00e0 Dreux du 27 mai au 3 juin 2025.<\/p>\n\n\n\n<p class=\"has-text-align-center wp-block-paragraph\"><br>L\u2019exposition r\u00e9unissait 15 artistes<\/p>\n\n\n\n<p class=\"has-text-align-center has-medium-font-size wp-block-paragraph\"><strong><em>Traces<\/em><\/strong><\/p>\n\n\n\n<p class=\"wp-block-paragraph\"><\/p>\n\n\n<div class=\"wp-block-image\">\n<figure class=\"aligncenter size-large is-resized\"><img fetchpriority=\"high\" decoding=\"async\" width=\"1007\" height=\"1024\" src=\"https:\/\/www.marcpetrusa.fr\/wp-content\/uploads\/2025\/06\/20250223_105420-1007x1024.jpg\" alt=\"\" class=\"wp-image-7339\" style=\"aspect-ratio:0.9833954272044039;width:241px;height:auto\" srcset=\"https:\/\/www.marcpetrusa.fr\/wp-content\/uploads\/2025\/06\/20250223_105420-1007x1024.jpg 1007w, https:\/\/www.marcpetrusa.fr\/wp-content\/uploads\/2025\/06\/20250223_105420-295x300.jpg 295w, https:\/\/www.marcpetrusa.fr\/wp-content\/uploads\/2025\/06\/20250223_105420-768x781.jpg 768w, https:\/\/www.marcpetrusa.fr\/wp-content\/uploads\/2025\/06\/20250223_105420.jpg 1063w\" sizes=\"(max-width: 1007px) 100vw, 1007px\" \/><\/figure>\n<\/div>\n\n\n<p class=\"wp-block-paragraph\"><\/p>\n\n\n\n<p class=\"has-text-align-center wp-block-paragraph\">Le travail de Marc Petrusa s\u2019articule autour d\u2019un axe principal&nbsp;: faire coexister plusieurs mondes dans une m\u00eame \u0153uvre.<\/p>\n\n\n\n<p class=\"has-text-align-center wp-block-paragraph\">Le passage entre deux atmosph\u00e8res peut s\u2019effectuer en douceur, <em>Danseuse<\/em><em> tutu<\/em>, <em>Boxeuse courant<\/em>, ou au contraire \u00eatre plus marqu\u00e9, <em>Mannequin<\/em>, <em>Poup\u00e9e couch\u00e9e<\/em>.<\/p>\n\n\n\n<p class=\"has-text-align-center wp-block-paragraph\">Le r\u00e9sultat final, aussi \u00e9trange soit-il, n\u2019est jamais pr\u00e9m\u00e9dit\u00e9. De m\u00eame, le titre, simplement descriptif, est toujours choisi une fois la peinture termin\u00e9e. Il n\u2019y a donc pas la volont\u00e9 <em>a priori<\/em> de d\u00e9livrer un message particulier sinon de laisser au spectateur le soin de relier des univers absolument \u00e9trangers.<\/p>\n\n\n\n<p class=\"has-text-align-center wp-block-paragraph\">***<\/p>\n\n\n\n<p class=\"wp-block-paragraph\"><\/p>\n\n\n\n<figure class=\"wp-block-gallery has-nested-images columns-default is-cropped wp-block-gallery-1 is-layout-flex wp-block-gallery-is-layout-flex\">\n<figure class=\"wp-block-image size-large\"><a href=\"https:\/\/www.marcpetrusa.fr\/wp-content\/uploads\/2025\/06\/20250531_142043.jpg\"><img decoding=\"async\" width=\"768\" height=\"1024\" data-id=\"7354\" src=\"https:\/\/www.marcpetrusa.fr\/wp-content\/uploads\/2025\/06\/20250531_142043-768x1024.jpg\" alt=\"\" class=\"wp-image-7354\" srcset=\"https:\/\/www.marcpetrusa.fr\/wp-content\/uploads\/2025\/06\/20250531_142043-768x1024.jpg 768w, https:\/\/www.marcpetrusa.fr\/wp-content\/uploads\/2025\/06\/20250531_142043-225x300.jpg 225w, https:\/\/www.marcpetrusa.fr\/wp-content\/uploads\/2025\/06\/20250531_142043.jpg 1125w\" sizes=\"(max-width: 768px) 100vw, 768px\" \/><\/a><\/figure>\n\n\n\n<figure class=\"wp-block-image size-large\"><a href=\"https:\/\/www.marcpetrusa.fr\/wp-content\/uploads\/2025\/06\/20250531_141917.jpg\"><img decoding=\"async\" width=\"1024\" height=\"768\" data-id=\"7348\" src=\"https:\/\/www.marcpetrusa.fr\/wp-content\/uploads\/2025\/06\/20250531_141917-1024x768.jpg\" alt=\"\" class=\"wp-image-7348\" srcset=\"https:\/\/www.marcpetrusa.fr\/wp-content\/uploads\/2025\/06\/20250531_141917-1024x768.jpg 1024w, https:\/\/www.marcpetrusa.fr\/wp-content\/uploads\/2025\/06\/20250531_141917-300x225.jpg 300w, https:\/\/www.marcpetrusa.fr\/wp-content\/uploads\/2025\/06\/20250531_141917-768x576.jpg 768w, https:\/\/www.marcpetrusa.fr\/wp-content\/uploads\/2025\/06\/20250531_141917.jpg 1500w\" sizes=\"(max-width: 1024px) 100vw, 1024px\" \/><\/a><\/figure>\n\n\n\n<figure class=\"wp-block-image size-large\"><a href=\"https:\/\/www.marcpetrusa.fr\/wp-content\/uploads\/2025\/06\/20250526_131343.jpg\"><img loading=\"lazy\" decoding=\"async\" width=\"1024\" height=\"768\" data-id=\"7349\" src=\"https:\/\/www.marcpetrusa.fr\/wp-content\/uploads\/2025\/06\/20250526_131343-1024x768.jpg\" alt=\"\" class=\"wp-image-7349\" srcset=\"https:\/\/www.marcpetrusa.fr\/wp-content\/uploads\/2025\/06\/20250526_131343-1024x768.jpg 1024w, https:\/\/www.marcpetrusa.fr\/wp-content\/uploads\/2025\/06\/20250526_131343-300x225.jpg 300w, https:\/\/www.marcpetrusa.fr\/wp-content\/uploads\/2025\/06\/20250526_131343-768x576.jpg 768w, https:\/\/www.marcpetrusa.fr\/wp-content\/uploads\/2025\/06\/20250526_131343.jpg 1500w\" sizes=\"(max-width: 1024px) 100vw, 1024px\" \/><\/a><\/figure>\n\n\n\n<figure class=\"wp-block-image size-large\"><a href=\"https:\/\/www.marcpetrusa.fr\/wp-content\/uploads\/2025\/06\/20250526_130256.jpg\"><img loading=\"lazy\" decoding=\"async\" width=\"1024\" height=\"768\" data-id=\"7356\" src=\"https:\/\/www.marcpetrusa.fr\/wp-content\/uploads\/2025\/06\/20250526_130256-1024x768.jpg\" alt=\"\" class=\"wp-image-7356\" srcset=\"https:\/\/www.marcpetrusa.fr\/wp-content\/uploads\/2025\/06\/20250526_130256-1024x768.jpg 1024w, https:\/\/www.marcpetrusa.fr\/wp-content\/uploads\/2025\/06\/20250526_130256-300x225.jpg 300w, https:\/\/www.marcpetrusa.fr\/wp-content\/uploads\/2025\/06\/20250526_130256-768x576.jpg 768w, https:\/\/www.marcpetrusa.fr\/wp-content\/uploads\/2025\/06\/20250526_130256.jpg 1500w\" sizes=\"(max-width: 1024px) 100vw, 1024px\" \/><\/a><\/figure>\n\n\n\n<figure class=\"wp-block-image size-large\"><a href=\"https:\/\/www.marcpetrusa.fr\/wp-content\/uploads\/2025\/06\/20250531_141935.jpg\"><img loading=\"lazy\" decoding=\"async\" width=\"1024\" height=\"768\" data-id=\"7351\" src=\"https:\/\/www.marcpetrusa.fr\/wp-content\/uploads\/2025\/06\/20250531_141935-1024x768.jpg\" alt=\"\" class=\"wp-image-7351\" srcset=\"https:\/\/www.marcpetrusa.fr\/wp-content\/uploads\/2025\/06\/20250531_141935-1024x768.jpg 1024w, https:\/\/www.marcpetrusa.fr\/wp-content\/uploads\/2025\/06\/20250531_141935-300x225.jpg 300w, https:\/\/www.marcpetrusa.fr\/wp-content\/uploads\/2025\/06\/20250531_141935-768x576.jpg 768w, https:\/\/www.marcpetrusa.fr\/wp-content\/uploads\/2025\/06\/20250531_141935.jpg 1500w\" sizes=\"(max-width: 1024px) 100vw, 1024px\" \/><\/a><\/figure>\n\n\n\n<figure class=\"wp-block-image size-large\"><a href=\"https:\/\/www.marcpetrusa.fr\/wp-content\/uploads\/2025\/06\/20250531_141728.jpg\"><img loading=\"lazy\" decoding=\"async\" width=\"1024\" height=\"768\" data-id=\"7352\" src=\"https:\/\/www.marcpetrusa.fr\/wp-content\/uploads\/2025\/06\/20250531_141728-1024x768.jpg\" alt=\"\" class=\"wp-image-7352\" srcset=\"https:\/\/www.marcpetrusa.fr\/wp-content\/uploads\/2025\/06\/20250531_141728-1024x768.jpg 1024w, https:\/\/www.marcpetrusa.fr\/wp-content\/uploads\/2025\/06\/20250531_141728-300x225.jpg 300w, https:\/\/www.marcpetrusa.fr\/wp-content\/uploads\/2025\/06\/20250531_141728-768x576.jpg 768w, https:\/\/www.marcpetrusa.fr\/wp-content\/uploads\/2025\/06\/20250531_141728.jpg 1500w\" sizes=\"(max-width: 1024px) 100vw, 1024px\" \/><\/a><\/figure>\n\n\n\n<figure class=\"wp-block-image size-large\"><a href=\"https:\/\/www.marcpetrusa.fr\/wp-content\/uploads\/2025\/06\/20250526_130400.jpg\"><img loading=\"lazy\" decoding=\"async\" width=\"1024\" height=\"768\" data-id=\"7350\" src=\"https:\/\/www.marcpetrusa.fr\/wp-content\/uploads\/2025\/06\/20250526_130400-1024x768.jpg\" alt=\"\" class=\"wp-image-7350\" srcset=\"https:\/\/www.marcpetrusa.fr\/wp-content\/uploads\/2025\/06\/20250526_130400-1024x768.jpg 1024w, https:\/\/www.marcpetrusa.fr\/wp-content\/uploads\/2025\/06\/20250526_130400-300x225.jpg 300w, https:\/\/www.marcpetrusa.fr\/wp-content\/uploads\/2025\/06\/20250526_130400-768x576.jpg 768w, https:\/\/www.marcpetrusa.fr\/wp-content\/uploads\/2025\/06\/20250526_130400.jpg 1500w\" sizes=\"(max-width: 1024px) 100vw, 1024px\" \/><\/a><\/figure>\n\n\n\n<figure class=\"wp-block-image size-large\"><a href=\"https:\/\/www.marcpetrusa.fr\/wp-content\/uploads\/2025\/06\/20250526_130331.jpg\"><img loading=\"lazy\" decoding=\"async\" width=\"1024\" height=\"768\" data-id=\"7355\" src=\"https:\/\/www.marcpetrusa.fr\/wp-content\/uploads\/2025\/06\/20250526_130331-1024x768.jpg\" alt=\"\" class=\"wp-image-7355\" srcset=\"https:\/\/www.marcpetrusa.fr\/wp-content\/uploads\/2025\/06\/20250526_130331-1024x768.jpg 1024w, https:\/\/www.marcpetrusa.fr\/wp-content\/uploads\/2025\/06\/20250526_130331-300x225.jpg 300w, https:\/\/www.marcpetrusa.fr\/wp-content\/uploads\/2025\/06\/20250526_130331-768x576.jpg 768w, https:\/\/www.marcpetrusa.fr\/wp-content\/uploads\/2025\/06\/20250526_130331.jpg 1500w\" sizes=\"(max-width: 1024px) 100vw, 1024px\" \/><\/a><\/figure>\n\n\n\n<figure class=\"wp-block-image size-large\"><a href=\"https:\/\/www.marcpetrusa.fr\/wp-content\/uploads\/2025\/06\/20250526_130319.jpg\"><img loading=\"lazy\" decoding=\"async\" width=\"1024\" height=\"768\" data-id=\"7353\" src=\"https:\/\/www.marcpetrusa.fr\/wp-content\/uploads\/2025\/06\/20250526_130319-1024x768.jpg\" alt=\"\" class=\"wp-image-7353\" srcset=\"https:\/\/www.marcpetrusa.fr\/wp-content\/uploads\/2025\/06\/20250526_130319-1024x768.jpg 1024w, https:\/\/www.marcpetrusa.fr\/wp-content\/uploads\/2025\/06\/20250526_130319-300x225.jpg 300w, https:\/\/www.marcpetrusa.fr\/wp-content\/uploads\/2025\/06\/20250526_130319-768x576.jpg 768w, https:\/\/www.marcpetrusa.fr\/wp-content\/uploads\/2025\/06\/20250526_130319.jpg 1500w\" sizes=\"(max-width: 1024px) 100vw, 1024px\" \/><\/a><\/figure>\n\n\n\n<figure class=\"wp-block-image size-large\"><a href=\"https:\/\/www.marcpetrusa.fr\/wp-content\/uploads\/2025\/06\/20250526_130305.jpg\"><img loading=\"lazy\" decoding=\"async\" width=\"1024\" height=\"768\" data-id=\"7358\" src=\"https:\/\/www.marcpetrusa.fr\/wp-content\/uploads\/2025\/06\/20250526_130305-1024x768.jpg\" alt=\"\" class=\"wp-image-7358\" srcset=\"https:\/\/www.marcpetrusa.fr\/wp-content\/uploads\/2025\/06\/20250526_130305-1024x768.jpg 1024w, https:\/\/www.marcpetrusa.fr\/wp-content\/uploads\/2025\/06\/20250526_130305-300x225.jpg 300w, https:\/\/www.marcpetrusa.fr\/wp-content\/uploads\/2025\/06\/20250526_130305-768x576.jpg 768w, https:\/\/www.marcpetrusa.fr\/wp-content\/uploads\/2025\/06\/20250526_130305.jpg 1500w\" sizes=\"(max-width: 1024px) 100vw, 1024px\" \/><\/a><\/figure>\n\n\n\n<figure class=\"wp-block-image size-large\"><a href=\"https:\/\/www.marcpetrusa.fr\/wp-content\/uploads\/2025\/06\/20250526_122954.jpg\"><img loading=\"lazy\" decoding=\"async\" width=\"1024\" height=\"768\" data-id=\"7357\" src=\"https:\/\/www.marcpetrusa.fr\/wp-content\/uploads\/2025\/06\/20250526_122954-1024x768.jpg\" alt=\"\" class=\"wp-image-7357\" srcset=\"https:\/\/www.marcpetrusa.fr\/wp-content\/uploads\/2025\/06\/20250526_122954-1024x768.jpg 1024w, https:\/\/www.marcpetrusa.fr\/wp-content\/uploads\/2025\/06\/20250526_122954-300x225.jpg 300w, https:\/\/www.marcpetrusa.fr\/wp-content\/uploads\/2025\/06\/20250526_122954-768x576.jpg 768w, https:\/\/www.marcpetrusa.fr\/wp-content\/uploads\/2025\/06\/20250526_122954.jpg 1500w\" sizes=\"(max-width: 1024px) 100vw, 1024px\" \/><\/a><\/figure>\n\n\n\n<figure class=\"wp-block-image size-large\"><a href=\"https:\/\/www.marcpetrusa.fr\/wp-content\/uploads\/2025\/06\/20250526_122936.jpg\"><img loading=\"lazy\" decoding=\"async\" width=\"768\" height=\"1024\" data-id=\"7359\" src=\"https:\/\/www.marcpetrusa.fr\/wp-content\/uploads\/2025\/06\/20250526_122936-768x1024.jpg\" alt=\"\" class=\"wp-image-7359\" srcset=\"https:\/\/www.marcpetrusa.fr\/wp-content\/uploads\/2025\/06\/20250526_122936-768x1024.jpg 768w, https:\/\/www.marcpetrusa.fr\/wp-content\/uploads\/2025\/06\/20250526_122936-225x300.jpg 225w, https:\/\/www.marcpetrusa.fr\/wp-content\/uploads\/2025\/06\/20250526_122936.jpg 1125w\" sizes=\"(max-width: 768px) 100vw, 768px\" \/><\/a><\/figure>\n<\/figure>\n\n\n\n<p class=\"wp-block-paragraph\"><\/p>\n\n\n\n<p class=\"has-text-align-center wp-block-paragraph\">***<\/p>\n\n\n\n<p class=\"wp-block-paragraph\"><\/p>\n\n\n\n<figure class=\"wp-block-gallery has-nested-images columns-default is-cropped wp-block-gallery-2 is-layout-flex wp-block-gallery-is-layout-flex\">\n<figure class=\"wp-block-image size-large\"><a href=\"https:\/\/www.marcpetrusa.fr\/wp-content\/uploads\/2025\/06\/20241102_115313.jpg\"><img loading=\"lazy\" decoding=\"async\" width=\"715\" height=\"1024\" data-id=\"7363\" src=\"https:\/\/www.marcpetrusa.fr\/wp-content\/uploads\/2025\/06\/20241102_115313-715x1024.jpg\" alt=\"\" class=\"wp-image-7363\" srcset=\"https:\/\/www.marcpetrusa.fr\/wp-content\/uploads\/2025\/06\/20241102_115313-715x1024.jpg 715w, https:\/\/www.marcpetrusa.fr\/wp-content\/uploads\/2025\/06\/20241102_115313-209x300.jpg 209w, https:\/\/www.marcpetrusa.fr\/wp-content\/uploads\/2025\/06\/20241102_115313-768x1100.jpg 768w, https:\/\/www.marcpetrusa.fr\/wp-content\/uploads\/2025\/06\/20241102_115313-1072x1536.jpg 1072w, https:\/\/www.marcpetrusa.fr\/wp-content\/uploads\/2025\/06\/20241102_115313.jpg 1151w\" sizes=\"(max-width: 715px) 100vw, 715px\" \/><\/a><\/figure>\n\n\n\n<figure class=\"wp-block-image size-large\"><a href=\"https:\/\/www.marcpetrusa.fr\/wp-content\/uploads\/2025\/06\/20241004_161827.jpg\"><img loading=\"lazy\" decoding=\"async\" width=\"707\" height=\"1024\" data-id=\"7366\" src=\"https:\/\/www.marcpetrusa.fr\/wp-content\/uploads\/2025\/06\/20241004_161827-707x1024.jpg\" alt=\"\" class=\"wp-image-7366\" srcset=\"https:\/\/www.marcpetrusa.fr\/wp-content\/uploads\/2025\/06\/20241004_161827-707x1024.jpg 707w, https:\/\/www.marcpetrusa.fr\/wp-content\/uploads\/2025\/06\/20241004_161827-207x300.jpg 207w, https:\/\/www.marcpetrusa.fr\/wp-content\/uploads\/2025\/06\/20241004_161827-768x1112.jpg 768w, https:\/\/www.marcpetrusa.fr\/wp-content\/uploads\/2025\/06\/20241004_161827-1061x1536.jpg 1061w, https:\/\/www.marcpetrusa.fr\/wp-content\/uploads\/2025\/06\/20241004_161827.jpg 1312w\" sizes=\"(max-width: 707px) 100vw, 707px\" \/><\/a><\/figure>\n\n\n\n<figure class=\"wp-block-image size-large\"><a href=\"https:\/\/www.marcpetrusa.fr\/wp-content\/uploads\/2025\/06\/20241003_191217.jpg\"><img loading=\"lazy\" decoding=\"async\" width=\"702\" height=\"1024\" data-id=\"7364\" src=\"https:\/\/www.marcpetrusa.fr\/wp-content\/uploads\/2025\/06\/20241003_191217-702x1024.jpg\" alt=\"\" class=\"wp-image-7364\" srcset=\"https:\/\/www.marcpetrusa.fr\/wp-content\/uploads\/2025\/06\/20241003_191217-702x1024.jpg 702w, https:\/\/www.marcpetrusa.fr\/wp-content\/uploads\/2025\/06\/20241003_191217-206x300.jpg 206w, https:\/\/www.marcpetrusa.fr\/wp-content\/uploads\/2025\/06\/20241003_191217-768x1121.jpg 768w, https:\/\/www.marcpetrusa.fr\/wp-content\/uploads\/2025\/06\/20241003_191217.jpg 919w\" sizes=\"(max-width: 702px) 100vw, 702px\" \/><\/a><\/figure>\n\n\n\n<figure class=\"wp-block-image size-large\"><a href=\"https:\/\/www.marcpetrusa.fr\/wp-content\/uploads\/2025\/06\/20240802_171208.jpg\"><img loading=\"lazy\" decoding=\"async\" width=\"678\" height=\"1024\" data-id=\"7365\" src=\"https:\/\/www.marcpetrusa.fr\/wp-content\/uploads\/2025\/06\/20240802_171208-678x1024.jpg\" alt=\"\" class=\"wp-image-7365\" srcset=\"https:\/\/www.marcpetrusa.fr\/wp-content\/uploads\/2025\/06\/20240802_171208-678x1024.jpg 678w, https:\/\/www.marcpetrusa.fr\/wp-content\/uploads\/2025\/06\/20240802_171208-199x300.jpg 199w, https:\/\/www.marcpetrusa.fr\/wp-content\/uploads\/2025\/06\/20240802_171208-768x1159.jpg 768w, https:\/\/www.marcpetrusa.fr\/wp-content\/uploads\/2025\/06\/20240802_171208.jpg 954w\" sizes=\"(max-width: 678px) 100vw, 678px\" \/><\/a><\/figure>\n<\/figure>\n\n\n\n<p class=\"wp-block-paragraph\"><\/p>\n\n\n\n<p class=\"has-text-align-center wp-block-paragraph\">Merci \u00e0 <strong>Sylvie Bruneau <\/strong>et \u00e0 l\u2019association <em><strong>ERYA<\/strong><\/em>.<\/p>\n\n\n\n<p class=\"has-text-align-center wp-block-paragraph\"><br><strong>Chapelle de l&rsquo;H\u00f4tel-Dieu<\/strong>, Dreux, 28100.<\/p>\n\n\n\n<p class=\"wp-block-paragraph\"><\/p>\n\n\n\n<p class=\"wp-block-paragraph\"><\/p>\n\n\n\n<p class=\"wp-block-paragraph\"><\/p>\n\n\n\n<p class=\"wp-block-paragraph\"><\/p>\n\n\n\n<p class=\"wp-block-paragraph\"><\/p>\n\n\n\n<p class=\"wp-block-paragraph\"><\/p>\n\n\n\n<p class=\"wp-block-paragraph\"><\/p>\n","protected":false},"excerpt":{"rendered":"<p>Chapelle de l&rsquo;H\u00f4tel-Dieu Exposition collective organis\u00e9e par l\u2019association ERYA dans la Chapelle de l&rsquo;H\u00f4tel-Dieu \u00e0 Dreux du 27 mai au 3 juin 2025. L\u2019exposition r\u00e9unissait 15 artistes Traces Le travail de Marc Petrusa s\u2019articule autour d\u2019un axe principal&nbsp;: faire coexister plusieurs mondes dans une m\u00eame \u0153uvre. Le passage entre deux atmosph\u00e8res peut s\u2019effectuer en douceur, [&hellip;]<\/p>\n","protected":false},"author":2,"featured_media":0,"parent":0,"menu_order":0,"comment_status":"closed","ping_status":"closed","template":"","meta":{"_seopress_robots_primary_cat":"","_seopress_titles_title":"","_seopress_titles_desc":"","_seopress_robots_index":"","_seopress_analysis_target_kw":"","_crdt_document":"","ocean_post_layout":"","ocean_both_sidebars_style":"","ocean_both_sidebars_content_width":0,"ocean_both_sidebars_sidebars_width":0,"ocean_sidebar":"","ocean_second_sidebar":"","ocean_disable_margins":"enable","ocean_add_body_class":"","ocean_shortcode_before_top_bar":"","ocean_shortcode_after_top_bar":"","ocean_shortcode_before_header":"","ocean_shortcode_after_header":"","ocean_has_shortcode":"","ocean_shortcode_after_title":"","ocean_shortcode_before_footer_widgets":"","ocean_shortcode_after_footer_widgets":"","ocean_shortcode_before_footer_bottom":"","ocean_shortcode_after_footer_bottom":"","ocean_display_top_bar":"default","ocean_display_header":"default","ocean_header_style":"","ocean_center_header_left_menu":"","ocean_custom_header_template":"","ocean_custom_logo":0,"ocean_custom_retina_logo":0,"ocean_custom_logo_max_width":0,"ocean_custom_logo_tablet_max_width":0,"ocean_custom_logo_mobile_max_width":0,"ocean_custom_logo_max_height":0,"ocean_custom_logo_tablet_max_height":0,"ocean_custom_logo_mobile_max_height":0,"ocean_header_custom_menu":"","ocean_menu_typo_font_family":"","ocean_menu_typo_font_subset":"","ocean_menu_typo_font_size":0,"ocean_menu_typo_font_size_tablet":0,"ocean_menu_typo_font_size_mobile":0,"ocean_menu_typo_font_size_unit":"px","ocean_menu_typo_font_weight":"","ocean_menu_typo_font_weight_tablet":"","ocean_menu_typo_font_weight_mobile":"","ocean_menu_typo_transform":"","ocean_menu_typo_transform_tablet":"","ocean_menu_typo_transform_mobile":"","ocean_menu_typo_line_height":0,"ocean_menu_typo_line_height_tablet":0,"ocean_menu_typo_line_height_mobile":0,"ocean_menu_typo_line_height_unit":"","ocean_menu_typo_spacing":0,"ocean_menu_typo_spacing_tablet":0,"ocean_menu_typo_spacing_mobile":0,"ocean_menu_typo_spacing_unit":"","ocean_menu_link_color":"","ocean_menu_link_color_hover":"","ocean_menu_link_color_active":"","ocean_menu_link_background":"","ocean_menu_link_hover_background":"","ocean_menu_link_active_background":"","ocean_menu_social_links_bg":"","ocean_menu_social_hover_links_bg":"","ocean_menu_social_links_color":"","ocean_menu_social_hover_links_color":"","ocean_disable_title":"default","ocean_disable_heading":"default","ocean_post_title":"","ocean_post_subheading":"","ocean_post_title_style":"","ocean_post_title_background_color":"","ocean_post_title_background":0,"ocean_post_title_bg_image_position":"","ocean_post_title_bg_image_attachment":"","ocean_post_title_bg_image_repeat":"","ocean_post_title_bg_image_size":"","ocean_post_title_height":0,"ocean_post_title_bg_overlay":0.5,"ocean_post_title_bg_overlay_color":"","ocean_disable_breadcrumbs":"default","ocean_breadcrumbs_color":"","ocean_breadcrumbs_separator_color":"","ocean_breadcrumbs_links_color":"","ocean_breadcrumbs_links_hover_color":"","ocean_display_footer_widgets":"default","ocean_display_footer_bottom":"default","ocean_custom_footer_template":"","footnotes":""},"categories":[],"tags":[],"class_list":["post-7336","page","type-page","status-publish","hentry","entry"],"_links":{"self":[{"href":"https:\/\/www.marcpetrusa.fr\/index.php?rest_route=\/wp\/v2\/pages\/7336","targetHints":{"allow":["GET"]}}],"collection":[{"href":"https:\/\/www.marcpetrusa.fr\/index.php?rest_route=\/wp\/v2\/pages"}],"about":[{"href":"https:\/\/www.marcpetrusa.fr\/index.php?rest_route=\/wp\/v2\/types\/page"}],"author":[{"embeddable":true,"href":"https:\/\/www.marcpetrusa.fr\/index.php?rest_route=\/wp\/v2\/users\/2"}],"replies":[{"embeddable":true,"href":"https:\/\/www.marcpetrusa.fr\/index.php?rest_route=%2Fwp%2Fv2%2Fcomments&post=7336"}],"version-history":[{"count":9,"href":"https:\/\/www.marcpetrusa.fr\/index.php?rest_route=\/wp\/v2\/pages\/7336\/revisions"}],"predecessor-version":[{"id":7370,"href":"https:\/\/www.marcpetrusa.fr\/index.php?rest_route=\/wp\/v2\/pages\/7336\/revisions\/7370"}],"wp:attachment":[{"href":"https:\/\/www.marcpetrusa.fr\/index.php?rest_route=%2Fwp%2Fv2%2Fmedia&parent=7336"}],"wp:term":[{"taxonomy":"category","embeddable":true,"href":"https:\/\/www.marcpetrusa.fr\/index.php?rest_route=%2Fwp%2Fv2%2Fcategories&post=7336"},{"taxonomy":"post_tag","embeddable":true,"href":"https:\/\/www.marcpetrusa.fr\/index.php?rest_route=%2Fwp%2Fv2%2Ftags&post=7336"}],"curies":[{"name":"wp","href":"https:\/\/api.w.org\/{rel}","templated":true}]}}