{"id":753,"date":"2022-05-05T22:38:49","date_gmt":"2022-05-05T20:38:49","guid":{"rendered":"https:\/\/www.marcpetrusa.fr\/?page_id=753"},"modified":"2026-03-23T19:39:16","modified_gmt":"2026-03-23T18:39:16","slug":"accueil-2022","status":"publish","type":"page","link":"https:\/\/www.marcpetrusa.fr\/?page_id=753","title":{"rendered":"Accueil 2022"},"content":{"rendered":"\n<p class=\"has-text-align-center is-style-default has-medium-font-size wp-block-paragraph\" style=\"letter-spacing:0px\"><em>Bienvenue sur le site de Marc Petrusa<\/em><\/p>\n\n\n\n<div class=\"wp-block-group\"><div class=\"wp-block-group__inner-container is-layout-flow wp-block-group-is-layout-flow\">\n<div class=\"wp-block-group alignwide\"><div class=\"wp-block-group__inner-container is-layout-flow wp-block-group-is-layout-flow\">\n<div class=\"wp-block-group is-vertical is-layout-flex wp-container-core-group-is-layout-4fc3f8e1 wp-block-group-is-layout-flex\">\n<p class=\"wp-block-paragraph\" style=\"letter-spacing:0px\">L&rsquo;organisation en menus et sous-menus pr\u00e9sente d&rsquo;une part les <strong><a href=\"https:\/\/www.marcpetrusa.fr\/?page_id=7133\" data-type=\"page\" data-id=\"7133\">Expositions<\/a><\/strong> et d&rsquo;autre part les travaux qui sont regroup\u00e9s soit par <strong><a href=\"https:\/\/www.marcpetrusa.fr\/?page_id=5213\" data-type=\"page\" data-id=\"5213\">Ann\u00e9es<\/a><\/strong> de fa\u00e7on d\u00e9taill\u00e9e, soit sous forme de <strong><a href=\"https:\/\/www.marcpetrusa.fr\/?page_id=4899\" data-type=\"page\" data-id=\"4899\">Mosa\u00efque<\/a><\/strong>. La <strong><a href=\"https:\/\/www.marcpetrusa.fr\/?page_id=55\">Bio<\/a><\/strong> \u00e9claire des \u00e9l\u00e9ments essentiels de ma d\u00e9marche. La page <a href=\"https:\/\/www.marcpetrusa.fr\/?page_id=1237\"><strong>En cours<\/strong><\/a> d\u00e9voile certains processus d&rsquo;\u00e9laboration.<\/p>\n\n\n\n<p class=\"wp-block-paragraph\" style=\"letter-spacing:0px\">Cette page d\u2019accueil, r\u00e9guli\u00e8rement mise \u00e0 jour, expose sous forme de mosa\u00efque mes travaux r\u00e9cents.<\/p>\n\n\n\n<p class=\"wp-block-paragraph\" style=\"letter-spacing:0px\">Bonne visite&nbsp;!<\/p>\n<\/div>\n<\/div><\/div>\n<\/div><\/div>\n\n\n\n<p class=\"wp-block-paragraph\"><\/p>\n\n\n\n<figure class=\"wp-block-gallery has-nested-images columns-5 is-cropped wp-block-gallery-1 is-layout-flex wp-block-gallery-is-layout-flex\">\n<figure class=\"wp-block-image size-full\"><a href=\"https:\/\/www.marcpetrusa.fr\/wp-content\/uploads\/2026\/01\/2022-23.jpg\"><img fetchpriority=\"high\" decoding=\"async\" width=\"1610\" height=\"1196\" data-id=\"8396\" src=\"https:\/\/www.marcpetrusa.fr\/wp-content\/uploads\/2026\/01\/2022-23.jpg\" alt=\"\" class=\"wp-image-8396\" srcset=\"https:\/\/www.marcpetrusa.fr\/wp-content\/uploads\/2026\/01\/2022-23.jpg 1610w, https:\/\/www.marcpetrusa.fr\/wp-content\/uploads\/2026\/01\/2022-23-300x223.jpg 300w, https:\/\/www.marcpetrusa.fr\/wp-content\/uploads\/2026\/01\/2022-23-1024x761.jpg 1024w, https:\/\/www.marcpetrusa.fr\/wp-content\/uploads\/2026\/01\/2022-23-768x571.jpg 768w, https:\/\/www.marcpetrusa.fr\/wp-content\/uploads\/2026\/01\/2022-23-1536x1141.jpg 1536w\" sizes=\"(max-width: 1610px) 100vw, 1610px\" \/><\/a><figcaption class=\"wp-element-caption\"><em><sub>Brigitte \u00e0 la plage<\/sub><\/em><\/figcaption><\/figure>\n\n\n\n<figure class=\"wp-block-image size-large\"><a href=\"https:\/\/www.marcpetrusa.fr\/wp-content\/uploads\/2025\/12\/2022-3-6.jpg\"><img decoding=\"async\" width=\"874\" height=\"1024\" data-id=\"8323\" src=\"https:\/\/www.marcpetrusa.fr\/wp-content\/uploads\/2025\/12\/2022-3-6-874x1024.jpg\" alt=\"\" class=\"wp-image-8323\" srcset=\"https:\/\/www.marcpetrusa.fr\/wp-content\/uploads\/2025\/12\/2022-3-6-874x1024.jpg 874w, https:\/\/www.marcpetrusa.fr\/wp-content\/uploads\/2025\/12\/2022-3-6-256x300.jpg 256w, https:\/\/www.marcpetrusa.fr\/wp-content\/uploads\/2025\/12\/2022-3-6-768x899.jpg 768w, https:\/\/www.marcpetrusa.fr\/wp-content\/uploads\/2025\/12\/2022-3-6.jpg 970w\" sizes=\"(max-width: 874px) 100vw, 874px\" \/><\/a><figcaption class=\"wp-element-caption\"><em><sub>Porno fauteuil<\/sub><\/em><\/figcaption><\/figure>\n\n\n\n<figure class=\"wp-block-image size-full\"><a href=\"https:\/\/www.marcpetrusa.fr\/wp-content\/uploads\/2026\/03\/2025-26.jpg\"><img decoding=\"async\" width=\"988\" height=\"1534\" data-id=\"8441\" src=\"https:\/\/www.marcpetrusa.fr\/wp-content\/uploads\/2026\/03\/2025-26.jpg\" alt=\"\" class=\"wp-image-8441\" srcset=\"https:\/\/www.marcpetrusa.fr\/wp-content\/uploads\/2026\/03\/2025-26.jpg 988w, https:\/\/www.marcpetrusa.fr\/wp-content\/uploads\/2026\/03\/2025-26-193x300.jpg 193w, https:\/\/www.marcpetrusa.fr\/wp-content\/uploads\/2026\/03\/2025-26-660x1024.jpg 660w, https:\/\/www.marcpetrusa.fr\/wp-content\/uploads\/2026\/03\/2025-26-768x1192.jpg 768w\" sizes=\"(max-width: 988px) 100vw, 988px\" \/><\/a><figcaption class=\"wp-element-caption\"><em><sub>Grok<\/sub><\/em><\/figcaption><\/figure>\n\n\n\n<figure class=\"wp-block-image size-full\"><a href=\"https:\/\/www.marcpetrusa.fr\/wp-content\/uploads\/2025\/12\/2025-25-Fame-1.jpg\"><img loading=\"lazy\" decoding=\"async\" width=\"1274\" height=\"1650\" data-id=\"8154\" src=\"https:\/\/www.marcpetrusa.fr\/wp-content\/uploads\/2025\/12\/2025-25-Fame-1.jpg\" alt=\"\" class=\"wp-image-8154\" srcset=\"https:\/\/www.marcpetrusa.fr\/wp-content\/uploads\/2025\/12\/2025-25-Fame-1.jpg 1274w, https:\/\/www.marcpetrusa.fr\/wp-content\/uploads\/2025\/12\/2025-25-Fame-1-232x300.jpg 232w, https:\/\/www.marcpetrusa.fr\/wp-content\/uploads\/2025\/12\/2025-25-Fame-1-791x1024.jpg 791w, https:\/\/www.marcpetrusa.fr\/wp-content\/uploads\/2025\/12\/2025-25-Fame-1-768x995.jpg 768w, https:\/\/www.marcpetrusa.fr\/wp-content\/uploads\/2025\/12\/2025-25-Fame-1-1186x1536.jpg 1186w\" sizes=\"(max-width: 1274px) 100vw, 1274px\" \/><\/a><figcaption class=\"wp-element-caption\"><em><sub>Fame 1<\/sub><\/em><\/figcaption><\/figure>\n\n\n\n<figure class=\"wp-block-image size-full\"><a href=\"https:\/\/www.marcpetrusa.fr\/wp-content\/uploads\/2026\/03\/2025-24-5.jpg\"><img loading=\"lazy\" decoding=\"async\" width=\"1138\" height=\"1684\" data-id=\"8468\" src=\"https:\/\/www.marcpetrusa.fr\/wp-content\/uploads\/2026\/03\/2025-24-5.jpg\" alt=\"\" class=\"wp-image-8468\" srcset=\"https:\/\/www.marcpetrusa.fr\/wp-content\/uploads\/2026\/03\/2025-24-5.jpg 1138w, https:\/\/www.marcpetrusa.fr\/wp-content\/uploads\/2026\/03\/2025-24-5-203x300.jpg 203w, https:\/\/www.marcpetrusa.fr\/wp-content\/uploads\/2026\/03\/2025-24-5-692x1024.jpg 692w, https:\/\/www.marcpetrusa.fr\/wp-content\/uploads\/2026\/03\/2025-24-5-768x1136.jpg 768w, https:\/\/www.marcpetrusa.fr\/wp-content\/uploads\/2026\/03\/2025-24-5-1038x1536.jpg 1038w\" sizes=\"(max-width: 1138px) 100vw, 1138px\" \/><\/a><figcaption class=\"wp-element-caption\"><em><sub>Femme qui rit 3<\/sub><\/em><\/figcaption><\/figure>\n\n\n\n<figure class=\"wp-block-image size-full\"><a href=\"https:\/\/www.marcpetrusa.fr\/wp-content\/uploads\/2025\/12\/2025-21-2.jpg\"><img loading=\"lazy\" decoding=\"async\" width=\"1190\" height=\"1882\" data-id=\"8181\" src=\"https:\/\/www.marcpetrusa.fr\/wp-content\/uploads\/2025\/12\/2025-21-2.jpg\" alt=\"\" class=\"wp-image-8181\" srcset=\"https:\/\/www.marcpetrusa.fr\/wp-content\/uploads\/2025\/12\/2025-21-2.jpg 1190w, https:\/\/www.marcpetrusa.fr\/wp-content\/uploads\/2025\/12\/2025-21-2-190x300.jpg 190w, https:\/\/www.marcpetrusa.fr\/wp-content\/uploads\/2025\/12\/2025-21-2-647x1024.jpg 647w, https:\/\/www.marcpetrusa.fr\/wp-content\/uploads\/2025\/12\/2025-21-2-768x1215.jpg 768w, https:\/\/www.marcpetrusa.fr\/wp-content\/uploads\/2025\/12\/2025-21-2-971x1536.jpg 971w\" sizes=\"(max-width: 1190px) 100vw, 1190px\" \/><\/a><figcaption class=\"wp-element-caption\"><em><sub>Nageuse<\/sub><\/em><\/figcaption><\/figure>\n\n\n\n<figure class=\"wp-block-image size-full\"><a href=\"https:\/\/www.marcpetrusa.fr\/wp-content\/uploads\/2025\/12\/2025-22-5.jpg\"><img loading=\"lazy\" decoding=\"async\" width=\"846\" height=\"1348\" data-id=\"8221\" src=\"https:\/\/www.marcpetrusa.fr\/wp-content\/uploads\/2025\/12\/2025-22-5.jpg\" alt=\"\" class=\"wp-image-8221\" srcset=\"https:\/\/www.marcpetrusa.fr\/wp-content\/uploads\/2025\/12\/2025-22-5.jpg 846w, https:\/\/www.marcpetrusa.fr\/wp-content\/uploads\/2025\/12\/2025-22-5-188x300.jpg 188w, https:\/\/www.marcpetrusa.fr\/wp-content\/uploads\/2025\/12\/2025-22-5-643x1024.jpg 643w, https:\/\/www.marcpetrusa.fr\/wp-content\/uploads\/2025\/12\/2025-22-5-768x1224.jpg 768w\" sizes=\"(max-width: 846px) 100vw, 846px\" \/><\/a><figcaption class=\"wp-element-caption\"><em><sub>Callipyge<\/sub><\/em><\/figcaption><\/figure>\n\n\n\n<figure class=\"wp-block-image size-full\"><a href=\"https:\/\/www.marcpetrusa.fr\/wp-content\/uploads\/2025\/09\/2025-23.jpg\"><img loading=\"lazy\" decoding=\"async\" width=\"824\" height=\"1118\" data-id=\"8012\" src=\"https:\/\/www.marcpetrusa.fr\/wp-content\/uploads\/2025\/09\/2025-23.jpg\" alt=\"\" class=\"wp-image-8012\" srcset=\"https:\/\/www.marcpetrusa.fr\/wp-content\/uploads\/2025\/09\/2025-23.jpg 824w, https:\/\/www.marcpetrusa.fr\/wp-content\/uploads\/2025\/09\/2025-23-221x300.jpg 221w, https:\/\/www.marcpetrusa.fr\/wp-content\/uploads\/2025\/09\/2025-23-755x1024.jpg 755w, https:\/\/www.marcpetrusa.fr\/wp-content\/uploads\/2025\/09\/2025-23-768x1042.jpg 768w\" sizes=\"(max-width: 824px) 100vw, 824px\" \/><\/a><figcaption class=\"wp-element-caption\"><em><sub>Elisabeth<\/sub><\/em><\/figcaption><\/figure>\n\n\n\n<figure class=\"wp-block-image size-full\"><a href=\"https:\/\/www.marcpetrusa.fr\/wp-content\/uploads\/2025\/09\/2025-15.jpg\"><img loading=\"lazy\" decoding=\"async\" width=\"1538\" height=\"1924\" data-id=\"7898\" src=\"https:\/\/www.marcpetrusa.fr\/wp-content\/uploads\/2025\/09\/2025-15.jpg\" alt=\"\" class=\"wp-image-7898\" srcset=\"https:\/\/www.marcpetrusa.fr\/wp-content\/uploads\/2025\/09\/2025-15.jpg 1538w, https:\/\/www.marcpetrusa.fr\/wp-content\/uploads\/2025\/09\/2025-15-240x300.jpg 240w, https:\/\/www.marcpetrusa.fr\/wp-content\/uploads\/2025\/09\/2025-15-819x1024.jpg 819w, https:\/\/www.marcpetrusa.fr\/wp-content\/uploads\/2025\/09\/2025-15-768x961.jpg 768w, https:\/\/www.marcpetrusa.fr\/wp-content\/uploads\/2025\/09\/2025-15-1228x1536.jpg 1228w\" sizes=\"(max-width: 1538px) 100vw, 1538px\" \/><\/a><figcaption class=\"wp-element-caption\"><em><sub>Footballeur<\/sub><\/em><\/figcaption><\/figure>\n\n\n\n<figure class=\"wp-block-image size-full\"><a href=\"https:\/\/www.marcpetrusa.fr\/wp-content\/uploads\/2025\/08\/2025-20.jpg\"><img loading=\"lazy\" decoding=\"async\" width=\"1784\" height=\"2476\" data-id=\"7847\" src=\"https:\/\/www.marcpetrusa.fr\/wp-content\/uploads\/2025\/08\/2025-20.jpg\" alt=\"\" class=\"wp-image-7847\" srcset=\"https:\/\/www.marcpetrusa.fr\/wp-content\/uploads\/2025\/08\/2025-20.jpg 1784w, https:\/\/www.marcpetrusa.fr\/wp-content\/uploads\/2025\/08\/2025-20-216x300.jpg 216w, https:\/\/www.marcpetrusa.fr\/wp-content\/uploads\/2025\/08\/2025-20-738x1024.jpg 738w, https:\/\/www.marcpetrusa.fr\/wp-content\/uploads\/2025\/08\/2025-20-768x1066.jpg 768w, https:\/\/www.marcpetrusa.fr\/wp-content\/uploads\/2025\/08\/2025-20-1107x1536.jpg 1107w, https:\/\/www.marcpetrusa.fr\/wp-content\/uploads\/2025\/08\/2025-20-1476x2048.jpg 1476w\" sizes=\"(max-width: 1784px) 100vw, 1784px\" \/><\/a><figcaption class=\"wp-element-caption\"><em><sub>Lagro<\/sub><\/em><\/figcaption><\/figure>\n<\/figure>\n\n\n\n<p class=\"wp-block-paragraph\"><\/p>\n","protected":false},"excerpt":{"rendered":"<p>Bienvenue sur le site de Marc Petrusa L&rsquo;organisation en menus et sous-menus pr\u00e9sente d&rsquo;une part les Expositions et d&rsquo;autre part les travaux qui sont regroup\u00e9s soit par Ann\u00e9es de fa\u00e7on d\u00e9taill\u00e9e, soit sous forme de Mosa\u00efque. La Bio \u00e9claire des \u00e9l\u00e9ments essentiels de ma d\u00e9marche. La page En cours d\u00e9voile certains processus d&rsquo;\u00e9laboration. Cette page [&hellip;]<\/p>\n","protected":false},"author":2,"featured_media":0,"parent":0,"menu_order":0,"comment_status":"closed","ping_status":"closed","template":"","meta":{"_seopress_robots_primary_cat":"","_seopress_titles_title":"","_seopress_titles_desc":"","_seopress_robots_index":"","_crdt_document":"","ocean_post_layout":"full-width","ocean_both_sidebars_style":"","ocean_both_sidebars_content_width":0,"ocean_both_sidebars_sidebars_width":0,"ocean_sidebar":"0","ocean_second_sidebar":"0","ocean_disable_margins":"enable","ocean_add_body_class":"","ocean_shortcode_before_top_bar":"","ocean_shortcode_after_top_bar":"","ocean_shortcode_before_header":"","ocean_shortcode_after_header":"","ocean_has_shortcode":"","ocean_shortcode_after_title":"","ocean_shortcode_before_footer_widgets":"","ocean_shortcode_after_footer_widgets":"","ocean_shortcode_before_footer_bottom":"","ocean_shortcode_after_footer_bottom":"","ocean_display_top_bar":"default","ocean_display_header":"default","ocean_header_style":"","ocean_center_header_left_menu":"0","ocean_custom_header_template":"0","ocean_custom_logo":0,"ocean_custom_retina_logo":0,"ocean_custom_logo_max_width":0,"ocean_custom_logo_tablet_max_width":0,"ocean_custom_logo_mobile_max_width":0,"ocean_custom_logo_max_height":0,"ocean_custom_logo_tablet_max_height":0,"ocean_custom_logo_mobile_max_height":0,"ocean_header_custom_menu":"0","ocean_menu_typo_font_family":"0","ocean_menu_typo_font_subset":"","ocean_menu_typo_font_size":0,"ocean_menu_typo_font_size_tablet":0,"ocean_menu_typo_font_size_mobile":0,"ocean_menu_typo_font_size_unit":"px","ocean_menu_typo_font_weight":"","ocean_menu_typo_font_weight_tablet":"","ocean_menu_typo_font_weight_mobile":"","ocean_menu_typo_transform":"","ocean_menu_typo_transform_tablet":"","ocean_menu_typo_transform_mobile":"","ocean_menu_typo_line_height":0,"ocean_menu_typo_line_height_tablet":0,"ocean_menu_typo_line_height_mobile":0,"ocean_menu_typo_line_height_unit":"","ocean_menu_typo_spacing":0,"ocean_menu_typo_spacing_tablet":0,"ocean_menu_typo_spacing_mobile":0,"ocean_menu_typo_spacing_unit":"","ocean_menu_link_color":"","ocean_menu_link_color_hover":"","ocean_menu_link_color_active":"","ocean_menu_link_background":"","ocean_menu_link_hover_background":"","ocean_menu_link_active_background":"","ocean_menu_social_links_bg":"","ocean_menu_social_hover_links_bg":"","ocean_menu_social_links_color":"","ocean_menu_social_hover_links_color":"","ocean_disable_title":"default","ocean_disable_heading":"default","ocean_post_title":"","ocean_post_subheading":"","ocean_post_title_style":"","ocean_post_title_background_color":"","ocean_post_title_background":0,"ocean_post_title_bg_image_position":"","ocean_post_title_bg_image_attachment":"","ocean_post_title_bg_image_repeat":"","ocean_post_title_bg_image_size":"","ocean_post_title_height":0,"ocean_post_title_bg_overlay":0.5,"ocean_post_title_bg_overlay_color":"","ocean_disable_breadcrumbs":"default","ocean_breadcrumbs_color":"","ocean_breadcrumbs_separator_color":"","ocean_breadcrumbs_links_color":"","ocean_breadcrumbs_links_hover_color":"","ocean_display_footer_widgets":"default","ocean_display_footer_bottom":"default","ocean_custom_footer_template":"0","footnotes":""},"categories":[],"tags":[],"class_list":["post-753","page","type-page","status-publish","hentry","entry"],"_links":{"self":[{"href":"https:\/\/www.marcpetrusa.fr\/index.php?rest_route=\/wp\/v2\/pages\/753","targetHints":{"allow":["GET"]}}],"collection":[{"href":"https:\/\/www.marcpetrusa.fr\/index.php?rest_route=\/wp\/v2\/pages"}],"about":[{"href":"https:\/\/www.marcpetrusa.fr\/index.php?rest_route=\/wp\/v2\/types\/page"}],"author":[{"embeddable":true,"href":"https:\/\/www.marcpetrusa.fr\/index.php?rest_route=\/wp\/v2\/users\/2"}],"replies":[{"embeddable":true,"href":"https:\/\/www.marcpetrusa.fr\/index.php?rest_route=%2Fwp%2Fv2%2Fcomments&post=753"}],"version-history":[{"count":331,"href":"https:\/\/www.marcpetrusa.fr\/index.php?rest_route=\/wp\/v2\/pages\/753\/revisions"}],"predecessor-version":[{"id":8469,"href":"https:\/\/www.marcpetrusa.fr\/index.php?rest_route=\/wp\/v2\/pages\/753\/revisions\/8469"}],"wp:attachment":[{"href":"https:\/\/www.marcpetrusa.fr\/index.php?rest_route=%2Fwp%2Fv2%2Fmedia&parent=753"}],"wp:term":[{"taxonomy":"category","embeddable":true,"href":"https:\/\/www.marcpetrusa.fr\/index.php?rest_route=%2Fwp%2Fv2%2Fcategories&post=753"},{"taxonomy":"post_tag","embeddable":true,"href":"https:\/\/www.marcpetrusa.fr\/index.php?rest_route=%2Fwp%2Fv2%2Ftags&post=753"}],"curies":[{"name":"wp","href":"https:\/\/api.w.org\/{rel}","templated":true}]}}