{"id":8501,"date":"2026-03-24T16:06:36","date_gmt":"2026-03-24T15:06:36","guid":{"rendered":"https:\/\/www.marcpetrusa.fr\/?page_id=8501"},"modified":"2026-04-13T17:43:49","modified_gmt":"2026-04-13T15:43:49","slug":"pro-demarche","status":"publish","type":"page","link":"https:\/\/www.marcpetrusa.fr\/?page_id=8501","title":{"rendered":"Pro DEMARCHE"},"content":{"rendered":"\n<p class=\"wp-block-paragraph\"><\/p>\n\n\n\n<p class=\"wp-block-paragraph\"><\/p>\n\n\n\n<div class=\"wp-block-group\"><div class=\"wp-block-group__inner-container is-layout-constrained wp-block-group-is-layout-constrained\">\n<div class=\"wp-block-columns is-layout-flex wp-container-core-columns-is-layout-8f761849 wp-block-columns-is-layout-flex\">\n<div class=\"wp-block-column is-layout-flow wp-block-column-is-layout-flow\" style=\"flex-basis:33.34%\">\n<h2 class=\"wp-block-heading has-black-color has-text-color has-link-color wp-elements-8ff3f54eb44e6860a62fad8c26cd2a70\">Je ne cherche pas \u00e0 peindre selon un style d\u00e9fini.<br><br>Chaque peinture est pour moi une tentative de faire coexister plusieurs mani\u00e8res de voir dans une seule image. Non pas les juxtaposer, mais les faire tenir ensemble, malgr\u00e9 leurs contradictions.<br><br>Un m\u00eame corps peut ainsi \u00eatre travers\u00e9 par des r\u00e9gimes picturaux diff\u00e9rents : expressionniste, illustratif, r\u00e9aliste\u2026 Ces \u00e9carts ne sont pas des effets. Ils produisent une instabilit\u00e9 qui met en cause l\u2019unit\u00e9 du sujet et la coh\u00e9rence du regard.<br><br><\/h2>\n<\/div>\n\n\n\n<div class=\"wp-block-column is-layout-flow wp-block-column-is-layout-flow\" style=\"flex-basis:33.34%\">\n<h2 class=\"wp-block-heading has-black-color has-text-color has-link-color wp-elements-91e94f5b1f4ea3eb818dbbe28722f52b\">Je ne sais jamais \u00e0 l\u2019avance ce que sera l\u2019image. Je travaille \u00e0 partir de processus, de d\u00e9cisions locales, d\u2019ajustements. Le r\u00e9sultat appara\u00eet progressivement, comme si plusieurs peintres intervenaient sur la m\u00eame surface.<br><br>La peinture n\u2019est pas ici au service d\u2019une image, mais d\u2019une exp\u00e9rience : celle d\u2019un espace instable, travers\u00e9 de tensions, o\u00f9 plusieurs mondes coexistent sans se r\u00e9soudre.<\/h2>\n<\/div>\n\n\n\n<div class=\"wp-block-column is-layout-flow wp-block-column-is-layout-flow\" style=\"flex-basis:33.33%\">\n<h2 class=\"wp-block-heading has-black-color has-text-color has-link-color wp-elements-aa6966011261d3743c31088d5052e1fc\">Les textes associ\u00e9s fonctionnent de la m\u00eame mani\u00e8re. Ils ne commentent pas les \u0153uvres. Ils en sont l\u2019\u00e9cho. Constitu\u00e9s de fragments, de citations, de mat\u00e9riaux trouv\u00e9s ou transform\u00e9s, ils prolongent cette instabilit\u00e9 dans le langage.<br><br>Il ne s\u2019agit pas de produire des images coh\u00e9rentes, mais de rendre sensible ce qui, en nous, ne l\u2019est pas.&nbsp;<\/h2>\n<\/div>\n<\/div>\n<\/div><\/div>\n","protected":false},"excerpt":{"rendered":"<p>Je ne cherche pas \u00e0 peindre selon un style d\u00e9fini. Chaque peinture est pour moi une tentative de faire coexister plusieurs mani\u00e8res de voir dans une seule image. Non pas les juxtaposer, mais les faire tenir ensemble, malgr\u00e9 leurs contradictions. Un m\u00eame corps peut ainsi \u00eatre travers\u00e9 par des r\u00e9gimes picturaux diff\u00e9rents : expressionniste, illustratif, [&hellip;]<\/p>\n","protected":false},"author":2,"featured_media":0,"parent":0,"menu_order":0,"comment_status":"closed","ping_status":"closed","template":"","meta":{"_seopress_robots_primary_cat":"","_seopress_titles_title":"","_seopress_titles_desc":"","_seopress_robots_index":"","_crdt_document":"{\"document\":\"AAAH\/YjR8he\/AVwIGqBQAVa4AgIBAgoASgASAQIKAEoAEgECCgBKEAIBAgpKDgIBAgpKDgIBAgoCQgEASlCmEAECCkoOAgECCgJCAQBKUIwNAQIKSg4CAQIKAkIBAEr4IZgtSgIMAgCFASgDJwAEACcABAAnACgEJwAoWicABwAoAycBKAAnAIcAKAMnASgAJwCHACgDJwAoAScABwAoAycAKAAnAAcAKAMnACgAJwAHACgDJwEEACgCJwCHACgDJwAoACcABwAoAycBBAAoAicAhwAoAycAKAAnAAcAKAMnAQQAKAInACEBqAGhAaixO9g5c3RhdGV2ZXJzaW9uZG9jdW1lbnRkYXRlZG9jdW1lbnRzbHVnZG9jdW1lbnRzdGF0dXNkb2N1bWVudHRpdGxlUHJvIERFTUFSQ0hFZG9jdW1lbnRjb250ZW50PCEtLSB3cDpwYXJhZ3JhcGggLS0+CjxwPjwvcD4KPCEtLSAvd3A6cGFyYWdyYXBoIC0tPgoKPCEtLSB3cDpwYXJhZ3JhcGggLS0+CjxwPjwvcD4KPCEtLSAvd3A6cGFyYWdyYXBoIC0tPgoKPCEtLSB3cDpncm91cCB7ImxheW91dCI6eyJ0eXBlIjoiY29uc3RyYWluZWQifX0gLS0+CjxkaXYgY2xhc3M9IndwLWJsb2NrLWdyb3VwIj48IS0tIHdwOmNvbHVtbnMgLS0+CjxkaXYgY2xhc3M9IndwLWJsb2NrLWNvbHVtbnMiPjwhLS0gd3A6Y29sdW1uIHsid2lkdGgiOiIzMy4zNCUifSAtLT4KPGRpdiBjbGFzcz0id3AtYmxvY2stY29sdW1uIiBzdHlsZT0iZmxleC1iYXNpczozMy4zNCUiPjwhLS0gd3A6aGVhZGluZyB7InN0eWxlIjp7ImVsZW1lbnRzIjp7ImxpbmsiOnsiY29sb3IiOnsidGV4dCI6InZhcjpwcmVzZXR8Y29sb3J8YmxhY2sifX19fSwidGV4dENvbG9yIjoiYmxhY2sifSAtLT4KPGgyIGNsYXNzPSJ3cC1ibG9jay1oZWFkaW5nIGhhcy1ibGFjay1jb2xvciBoYXMtdGV4dC1jb2xvciBoYXMtbGluay1jb2xvciI+SmUgbmUgY2hlcmNoZSBwYXMgw6AgcGVpbmRyZSBzZWxvbiB1biBzdHlsZSBkw6lmaW5pLjxicj48YnI+Q2hhcXVlIHBlaW50dXJlIGVzdCBwb3VyIG1vaSB1bmUgdGVudGF0aXZlIGRlIGZhaXJlIGNvZXhpc3RlciBwbHVzaWV1cnMgbWFuacOocmVzIGRlIHZvaXIgZGFucyB1bmUgc2V1bGUgaW1hZ2UuIE5vbiBwYXMgbGVzIGp1eHRhcG9zZXIsIG1haXMgbGVzIGZhaXJlIHRlbmlyIGVuc2VtYmxlLCBtYWxncsOpIGxldXJzIGNvbnRyYWRpY3Rpb25zLjxicj48YnI+VW4gbcOqbWUgY29ycHMgcGV1dCBhaW5zaSDDqnRyZSB0cmF2ZXJzw6kgcGFyIGRlcyByw6lnaW1lcyBwaWN0dXJhdXggZGlmZsOpcmVudHMgOiBleHByZXNzaW9ubmlzdGUsIGlsbHVzdHJhdGlmLCByw6lhbGlzdGXigKYgQ2VzIMOpY2FydHMgbmUgc29udCBwYXMgZGVzIGVmZmV0cy4gSWxzIHByb2R1aXNlbnQgdW5lIGluc3RhYmlsaXTDqSBxdWkgbWV0IGVuIGNhdXNlIGzigJl1bml0w6kgZHUgc3VqZXQgZXQgbGEgY29ow6lyZW5jZSBkdSByZWdhcmQuPGJyPjxicj48L2gyPgo8IS0tIC93cDpoZWFkaW5nIC0tPjwvZGl2Pgo8IS0tIC93cDpjb2x1bW4gLS0+Cgo8IS0tIHdwOmNvbHVtbiB7IndpZHRoIjoiMzMuMzQlIn0gLS0+CjxkaXYgY2xhc3M9IndwLWJsb2NrLWNvbHVtbiIgc3R5bGU9ImZsZXgtYmFzaXM6MzMuMzQlIj48IS0tIHdwOmhlYWRpbmcgeyJzdHlsZSI6eyJlbGVtZW50cyI6eyJsaW5rIjp7ImNvbG9yIjp7InRleHQiOiJ2YXI6cHJlc2V0fGNvbG9yfGJsYWNrIn19fX0sInRleHRDb2xvciI6ImJsYWNrIn0gLS0+CjxoMiBjbGFzcz0id3AtYmxvY2staGVhZGluZyBoYXMtYmxhY2stY29sb3IgaGFzLXRleHQtY29sb3IgaGFzLWxpbmstY29sb3IiPkplIG5lIHNhaXMgamFtYWlzIMOgIGzigJlhdmFuY2UgY2UgcXVlIHNlcmEgbOKAmWltYWdlLiBKZSB0cmF2YWlsbGUgw6AgcGFydGlyIGRlIHByb2Nlc3N1cywgZGUgZMOpY2lzaW9ucyBsb2NhbGVzLCBk4oCZYWp1c3RlbWVudHMuIExlIHLDqXN1bHRhdCBhcHBhcmHDrnQgcHJvZ3Jlc3NpdmVtZW50LCBjb21tZSBzaSBwbHVzaWV1cnMgcGVpbnRyZXMgaW50ZXJ2ZW5haWVudCBzdXIgbGEgbcOqbWUgc3VyZmFjZS48YnI+PGJyPkxhIHBlaW50dXJlIG7igJllc3QgcGFzIGljaSBhdSBzZXJ2aWNlIGTigJl1bmUgaW1hZ2UsIG1haXMgZOKAmXVuZSBleHDDqXJpZW5jZSA6IGNlbGxlIGTigJl1biBlc3BhY2UgaW5zdGFibGUsIHRyYXZlcnPDqSBkZSB0ZW5zaW9ucywgb8O5IHBsdXNpZXVycyBtb25kZXMgY29leGlzdGVudCBzYW5zIHNlIHLDqXNvdWRyZS48L2gyPgo8IS0tIC93cDpoZWFkaW5nIC0tPjwvZGl2Pgo8IS0tIC93cDpjb2x1bW4gLS0+Cgo8IS0tIHdwOmNvbHVtbiB7IndpZHRoIjoiMzMuMzMlIn0gLS0+CjxkaXYgY2xhc3M9IndwLWJsb2NrLWNvbHVtbiIgc3R5bGU9ImZsZXgtYmFzaXM6MzMuMzMlIj48IS0tIHdwOmhlYWRpbmcgeyJzdHlsZSI6eyJlbGVtZW50cyI6eyJsaW5rIjp7ImNvbG9yIjp7InRleHQiOiJ2YXI6cHJlc2V0fGNvbG9yfGJsYWNrIn19fX0sInRleHRDb2xvciI6ImJsYWNrIn0gLS0+CjxoMiBjbGFzcz0id3AtYmxvY2staGVhZGluZyBoYXMtYmxhY2stY29sb3IgaGFzLXRleHQtY29sb3IgaGFzLWxpbmstY29sb3IiPkxlcyB0ZXh0ZXMgYXNzb2Npw6lzIGZvbmN0aW9ubmVudCBkZSBsYSBtw6ptZSBtYW5pw6hyZS4gSWxzIG5lIGNvbW1lbnRlbnQgcGFzIGxlcyDFk3V2cmVzLiBJbHMgZW4gc29udCBs4oCZw6ljaG8uIENvbnN0aXR1w6lzIGRlIGZyYWdtZW50cywgZGUgY2l0YXRpb25zLCBkZSBtYXTDqXJpYXV4IHRyb3V2w6lzIG91IHRyYW5zZm9ybcOpcywgaWxzIHByb2xvbmdlbnQgY2V0dGUgaW5zdGFiaWxpdMOpIGRhbnMgbGUgbGFuZ2FnZS48YnI+PGJyPklsIG5lIHPigJlhZ2l0IHBhcyBkZSBwcm9kdWlyZSBkZXMgaW1hZ2VzIGNvaMOpcmVudGVzLCBtYWlzIGRlIHJlbmRyZSBzZW5zaWJsZSBjZSBxdWksIGVuIG5vdXMsIG5lIGzigJllc3QgcGFzLiZuYnNwOzwvaDI+CjwhLS0gL3dwOmhlYWRpbmcgLS0+PC9kaXY+CjwhLS0gL3dwOmNvbHVtbiAtLT48L2Rpdj4KPCEtLSAvd3A6Y29sdW1ucyAtLT48L2Rpdj4KPCEtLSAvd3A6Z3JvdXAgLS0+ZG9jdW1lbnRleGNlcnB0ZG9jdW1lbnRhdXRob3Jkb2N1bWVudGZlYXR1cmVkX21lZGlhZG9jdW1lbnRjb21tZW50X3N0YXR1c2RvY3VtZW50cGluZ19zdGF0dXNkb2N1bWVudHRlbXBsYXRlZG9jdW1lbnRtZXRhX3Nlb3ByZXNzX3JvYm90c19wcmltYXJ5X2NhdF9zZW9wcmVzc190aXRsZXNfdGl0bGVfc2VvcHJlc3NfdGl0bGVzX2Rlc2Nfc2VvcHJlc3Nfcm9ib3RzX2luZGV4b2NlYW5fcG9zdF9sYXlvdXRvY2Vhbl9ib3RoX3NpZGViYXJzX3N0eWxlb2NlYW5fYm90aF9zaWRlYmFyc19jb250ZW50X3dpZHRob2NlYW5fYm90aF9zaWRlYmFyc19zaWRlYmFyc193aWR0aG9jZWFuX3NpZGViYXJvY2Vhbl9zZWNvbmRfc2lkZWJhcm9jZWFuX2Rpc2FibGVfbWFyZ2luc29jZWFuX2FkZF9ib2R5X2NsYXNzb2NlYW5fc2hvcnRjb2RlX2JlZm9yZV90b3BfYmFyb2NlYW5fc2hvcnRjb2RlX2FmdGVyX3RvcF9iYXJvY2Vhbl9zaG9ydGNvZGVfYmVmb3JlX2hlYWRlcm9jZWFuX3Nob3J0Y29kZV9hZnRlcl9oZWFkZXJvY2Vhbl9oYXNfc2hvcnRjb2Rlb2NlYW5fc2hvcnRjb2RlX2FmdGVyX3RpdGxlb2NlYW5fc2hvcnRjb2RlX2JlZm9yZV9mb290ZXJfd2lkZ2V0c29jZWFuX3Nob3J0Y29kZV9hZnRlcl9mb290ZXJfd2lkZ2V0c29jZWFuX3Nob3J0Y29kZV9iZWZvcmVfZm9vdGVyX2JvdHRvbW9jZWFuX3Nob3J0Y29kZV9hZnRlcl9mb290ZXJfYm90dG9tb2NlYW5fZGlzcGxheV90b3BfYmFyb2NlYW5fZGlzcGxheV9oZWFkZXJvY2Vhbl9oZWFkZXJfc3R5bGVvY2Vhbl9jZW50ZXJfaGVhZGVyX2xlZnRfbWVudW9jZWFuX2N1c3RvbV9oZWFkZXJfdGVtcGxhdGVvY2Vhbl9jdXN0b21fbG9nb29jZWFuX2N1c3RvbV9yZXRpbmFfbG9nb29jZWFuX2N1c3RvbV9sb2dvX21heF93aWR0aG9jZWFuX2N1c3RvbV9sb2dvX3RhYmxldF9tYXhfd2lkdGhvY2Vhbl9jdXN0b21fbG9nb19tb2JpbGVfbWF4X3dpZHRob2NlYW5fY3VzdG9tX2xvZ29fbWF4X2hlaWdodG9jZWFuX2N1c3RvbV9sb2dvX3RhYmxldF9tYXhfaGVpZ2h0b2NlYW5fY3VzdG9tX2xvZ29fbW9iaWxlX21heF9oZWlnaHRvY2Vhbl9oZWFkZXJfY3VzdG9tX21lbnVvY2Vhbl9tZW51X3R5cG9fZm9udF9mYW1pbHlvY2Vhbl9tZW51X3R5cG9fZm9udF9zdWJzZXRvY2Vhbl9tZW51X3R5cG9fZm9udF9zaXplb2NlYW5fbWVudV90eXBvX2ZvbnRfc2l6ZV90YWJsZXRvY2Vhbl9tZW51X3R5cG9fZm9udF9zaXplX21vYmlsZW9jZWFuX21lbnVfdHlwb19mb250X3NpemVfdW5pdG9jZWFuX21lbnVfdHlwb19mb250X3dlaWdodG9jZWFuX21lbnVfdHlwb19mb250X3dlaWdodF90YWJsZXRvY2Vhbl9tZW51X3R5cG9fZm9udF93ZWlnaHRfbW9iaWxlb2NlYW5fbWVudV90eXBvX3RyYW5zZm9ybW9jZWFuX21lbnVfdHlwb190cmFuc2Zvcm1fdGFibGV0b2NlYW5fbWVudV90eXBvX3RyYW5zZm9ybV9tb2JpbGVvY2Vhbl9tZW51X3R5cG9fbGluZV9oZWlnaHRvY2Vhbl9tZW51X3R5cG9fbGluZV9oZWlnaHRfdGFibGV0b2NlYW5fbWVudV90eXBvX2xpbmVfaGVpZ2h0X21vYmlsZW9jZWFuX21lbnVfdHlwb19saW5lX2hlaWdodF91bml0b2NlYW5fbWVudV90eXBvX3NwYWNpbmdvY2Vhbl9tZW51X3R5cG9fc3BhY2luZ190YWJsZXRvY2Vhbl9tZW51X3R5cG9fc3BhY2luZ19tb2JpbGVvY2Vhbl9tZW51X3R5cG9fc3BhY2luZ191bml0b2NlYW5fbWVudV9saW5rX2NvbG9yb2NlYW5fbWVudV9saW5rX2NvbG9yX2hvdmVyb2NlYW5fbWVudV9saW5rX2NvbG9yX2FjdGl2ZW9jZWFuX21lbnVfbGlua19iYWNrZ3JvdW5kb2NlYW5fbWVudV9saW5rX2hvdmVyX2JhY2tncm91bmRvY2Vhbl9tZW51X2xpbmtfYWN0aXZlX2JhY2tncm91bmRvY2Vhbl9tZW51X3NvY2lhbF9saW5rc19iZ29jZWFuX21lbnVfc29jaWFsX2hvdmVyX2xpbmtzX2Jnb2NlYW5fbWVudV9zb2NpYWxfbGlua3NfY29sb3JvY2Vhbl9tZW51X3NvY2lhbF9ob3Zlcl9saW5rc19jb2xvcm9jZWFuX2Rpc2FibGVfdGl0bGVvY2Vhbl9kaXNhYmxlX2hlYWRpbmdvY2Vhbl9wb3N0X3RpdGxlb2NlYW5fcG9zdF9zdWJoZWFkaW5nb2NlYW5fcG9zdF90aXRsZV9zdHlsZW9jZWFuX3Bvc3RfdGl0bGVfYmFja2dyb3VuZF9jb2xvcm9jZWFuX3Bvc3RfdGl0bGVfYmFja2dyb3VuZG9jZWFuX3Bvc3RfdGl0bGVfYmdfaW1hZ2VfcG9zaXRpb25vY2Vhbl9wb3N0X3RpdGxlX2JnX2ltYWdlX2F0dGFjaG1lbnRvY2Vhbl9wb3N0X3RpdGxlX2JnX2ltYWdlX3JlcGVhdG9jZWFuX3Bvc3RfdGl0bGVfYmdfaW1hZ2Vfc2l6ZW9jZWFuX3Bvc3RfdGl0bGVfaGVpZ2h0b2NlYW5fcG9zdF90aXRsZV9iZ19vdmVybGF5b2NlYW5fcG9zdF90aXRsZV9iZ19vdmVybGF5X2NvbG9yb2NlYW5fZGlzYWJsZV9icmVhZGNydW1ic29jZWFuX2JyZWFkY3J1bWJzX2NvbG9yb2NlYW5fYnJlYWRjcnVtYnNfc2VwYXJhdG9yX2NvbG9yb2NlYW5fYnJlYWRjcnVtYnNfbGlua3NfY29sb3JvY2Vhbl9icmVhZGNydW1ic19saW5rc19ob3Zlcl9jb2xvcm9jZWFuX2Rpc3BsYXlfZm9vdGVyX3dpZGdldHNvY2Vhbl9kaXNwbGF5X2Zvb3Rlcl9ib3R0b21vY2Vhbl9jdXN0b21fZm9vdGVyX3RlbXBsYXRlZm9vdG5vdGVzZG9jdW1lbnRjYXRlZ29yaWVzZG9jdW1lbnR0YWdzZG9jdW1lbnRibG9ja3NjbGllbnRJZGlzVmFsaWRvcmlnaW5hbENvbnRlbnRuYW1lYXR0cmlidXRlc2NvbnRlbnRkcm9wQ2FwaW5uZXJCbG9ja3NjbGllbnRJZGlzVmFsaWRvcmlnaW5hbENvbnRlbnRuYW1lYXR0cmlidXRlc2NvbnRlbnRkcm9wQ2FwaW5uZXJCbG9ja3NjbGllbnRJZGlzVmFsaWRvcmlnaW5hbENvbnRlbnRuYW1lYXR0cmlidXRlc3RhZ05hbWVsYXlvdXRpbm5lckJsb2Nrc2NsaWVudElkaXNWYWxpZG9yaWdpbmFsQ29udGVudG5hbWVhdHRyaWJ1dGVzaXNTdGFja2VkT25Nb2JpbGVpbm5lckJsb2Nrc2NsaWVudElkaXNWYWxpZG9yaWdpbmFsQ29udGVudG5hbWVhdHRyaWJ1dGVzd2lkdGhpbm5lckJsb2Nrc2NsaWVudElkaXNWYWxpZG9yaWdpbmFsQ29udGVudG5hbWVhdHRyaWJ1dGVzY29udGVudEplIG5lIGNoZXJjaGUgcGFzIMOgIHBlaW5kcmUgc2Vsb24gdW4gc3R5bGUgZMOpZmluaS48YnI+PGJyPkNoYXF1ZSBwZWludHVyZSBlc3QgcG91ciBtb2kgdW5lIHRlbnRhdGl2ZSBkZSBmYWlyZSBjb2V4aXN0ZXIgcGx1c2lldXJzIG1hbmnDqHJlcyBkZSB2b2lyIGRhbnMgdW5lIHNldWxlIGltYWdlLiBOb24gcGFzIGxlcyBqdXh0YXBvc2VyLCBtYWlzIGxlcyBmYWlyZSB0ZW5pciBlbnNlbWJsZSwgbWFsZ3LDqSBsZXVycyBjb250cmFkaWN0aW9ucy48YnI+PGJyPlVuIG3Dqm1lIGNvcnBzIHBldXQgYWluc2kgw6p0cmUgdHJhdmVyc8OpIHBhciBkZXMgcsOpZ2ltZXMgcGljdHVyYXV4IGRpZmbDqXJlbnRzIDogZXhwcmVzc2lvbm5pc3RlLCBpbGx1c3RyYXRpZiwgcsOpYWxpc3Rl4oCmIENlcyDDqWNhcnRzIG5lIHNvbnQgcGFzIGRlcyBlZmZldHMuIElscyBwcm9kdWlzZW50IHVuZSBpbnN0YWJpbGl0w6kgcXVpIG1ldCBlbiBjYXVzZSBs4oCZdW5pdMOpIGR1IHN1amV0IGV0IGxhIGNvaMOpcmVuY2UgZHUgcmVnYXJkLjxicj48YnI+bGV2ZWxzdHlsZXRleHRDb2xvcmlubmVyQmxvY2tzY2xpZW50SWRpc1ZhbGlkb3JpZ2luYWxDb250ZW50bmFtZWF0dHJpYnV0ZXN3aWR0aGlubmVyQmxvY2tzY2xpZW50SWRpc1ZhbGlkb3JpZ2luYWxDb250ZW50bmFtZWF0dHJpYnV0ZXNjb250ZW50SmUgbmUgc2FpcyBqYW1haXMgw6AgbOKAmWF2YW5jZSBjZSBxdWUgc2VyYSBs4oCZaW1hZ2UuIEplIHRyYXZhaWxsZSDDoCBwYXJ0aXIgZGUgcHJvY2Vzc3VzLCBkZSBkw6ljaXNpb25zIGxvY2FsZXMsIGTigJlhanVzdGVtZW50cy4gTGUgcsOpc3VsdGF0IGFwcGFyYcOudCBwcm9ncmVzc2l2ZW1lbnQsIGNvbW1lIHNpIHBsdXNpZXVycyBwZWludHJlcyBpbnRlcnZlbmFpZW50IHN1ciBsYSBtw6ptZSBzdXJmYWNlLjxicj48YnI+TGEgcGVpbnR1cmUgbuKAmWVzdCBwYXMgaWNpIGF1IHNlcnZpY2UgZOKAmXVuZSBpbWFnZSwgbWFpcyBk4oCZdW5lIGV4cMOpcmllbmNlIDogY2VsbGUgZOKAmXVuIGVzcGFjZSBpbnN0YWJsZSwgdHJhdmVyc8OpIGRlIHRlbnNpb25zLCBvw7kgcGx1c2lldXJzIG1vbmRlcyBjb2V4aXN0ZW50IHNhbnMgc2UgcsOpc291ZHJlLmxldmVsc3R5bGV0ZXh0Q29sb3Jpbm5lckJsb2Nrc2NsaWVudElkaXNWYWxpZG9yaWdpbmFsQ29udGVudG5hbWVhdHRyaWJ1dGVzd2lkdGhpbm5lckJsb2Nrc2NsaWVudElkaXNWYWxpZG9yaWdpbmFsQ29udGVudG5hbWVhdHRyaWJ1dGVzY29udGVudExlcyB0ZXh0ZXMgYXNzb2Npw6lzIGZvbmN0aW9ubmVudCBkZSBsYSBtw6ptZSBtYW5pw6hyZS4gSWxzIG5lIGNvbW1lbnRlbnQgcGFzIGxlcyDFk3V2cmVzLiBJbHMgZW4gc29udCBs4oCZw6ljaG8uIENvbnN0aXR1w6lzIGRlIGZyYWdtZW50cywgZGUgY2l0YXRpb25zLCBkZSBtYXTDqXJpYXV4IHRyb3V2w6lzIG91IHRyYW5zZm9ybcOpcywgaWxzIHByb2xvbmdlbnQgY2V0dGUgaW5zdGFiaWxpdMOpIGRhbnMgbGUgbGFuZ2FnZS48YnI+PGJyPklsIG5lIHPigJlhZ2l0IHBhcyBkZSBwcm9kdWlyZSBkZXMgaW1hZ2VzIGNvaMOpcmVudGVzLCBtYWlzIGRlIHJlbmRyZSBzZW5zaWJsZSBjZSBxdWksIGVuIG5vdXMsIG5lIGzigJllc3QgcGFzLiZuYnNwO2xldmVsc3R5bGV0ZXh0Q29sb3Jpbm5lckJsb2Nrc3N0YXRlc2F2ZWRBdHN0YXRlc2F2ZWRCeQUHCAQIBAgGCAUMCAeJKAgHCAYIDggOCAtIAQQcFhUWERkhIg0UFRQeXQAcExslZAAjFRQSHRwRGBtiABxjABhbABlgAB4bYgAZYAAbYgAgF14AHBUbHBogIRogHSMTFRAVFiEbIiQgHhcbIRkXIR0jHBscCQgKCAQIBggHDwQKRwALCAcPBApHAAsIBw8ECgcGCwgHDwQKEQsIBw8ECgULCAcPBAoHgAhFAAkLCAcPBAoFCwgHDwQKB5MGRQAJCwgHDwQKBQsIBw8ECgegBUUACQsFBwUHEQEEAAABAAAAAQYAWAECAFoBJ0IBAQBBAAIAQQACAEEAAEEAAEEAAEEAAgBBAABBAAIAQQAAQQACAAZBnQEEQQMB0gEAfQF3EzIwMjYtMDMtMjRUMTY6MDY6MzZ3DHByby1kZW1hcmNoZXcHcHVibGlzaH0CfQB3BmNsb3NlZHcGY2xvc2VkdwB3AHcAdwB3AHcAdwB9AH0AdwB3AHcGZW5hYmxldwB3AHcAdwB3AHcAdwB3AHcAdwB3AHcHZGVmYXVsdHcHZGVmYXVsdHcAdwB3AH0AfQB9AH0AfQB9AH0AfQB3AHcAdwB9AH0AfQB3AnB4dwB3AHcAdwB3AHcAfQB9AH0AdwB9AH0AfQB3AHcAdwB3AHcAdwB3AHcAdwB3AHcAdwdkZWZhdWx0dwdkZWZhdWx0dwB3AHcAdwB9AHcAdwB3AHcAfQB8PwAAAHcAdwdkZWZhdWx0dwB3AHcAdwB3B2RlZmF1bHR3B2RlZmF1bHR3AHcAdQB1AHckNzZiMmRlNTgtNTM1OC00NmJjLWJkM2UtNGUzMWJhODI5NWFmeHcHPHA+PC9wPncOY29yZS9wYXJhZ3JhcGh5dyRiZGYxNjg3NS0xNzMwLTRlNjgtYjc4ZS1mMWIzZTc2NDZhMzZ4dwc8cD48L3A+dw5jb3JlL3BhcmFncmFwaHl3JDc4YjliZDEyLTk2NjktNDc5OS04Y2Y1LTQwMDMyNGZhZjNiOHh3IjxkaXYgY2xhc3M9IndwLWJsb2NrLWdyb3VwIj48L2Rpdj53CmNvcmUvZ3JvdXB3A2RpdnYBBHR5cGV3C2NvbnN0cmFpbmVkdyQ2MzRlZmJlNC0wOTdmLTRkMDYtOWQyMy03YWFiMTI5MDA0ZjR4dyg8ZGl2IGNsYXNzPSJ3cC1ibG9jay1jb2x1bW5zIj4KCgoKPC9kaXY+dwxjb3JlL2NvbHVtbnN4dyQ2MGVjYmJhYS1jYmZjLTQ0NmMtYjdlNy0wOTUwYjViNGRjZDl4dz08ZGl2IGNsYXNzPSJ3cC1ibG9jay1jb2x1bW4iIHN0eWxlPSJmbGV4LWJhc2lzOjMzLjM0JSI+PC9kaXY+dwtjb3JlL2NvbHVtbncGMzMuMzQldyQyYjU5ZjU3Zi0wMjU2LTQ0OWItYWM1MC02NDZhY2VmMGQ4ZDN4d+IEPGgyIGNsYXNzPSJ3cC1ibG9jay1oZWFkaW5nIGhhcy1ibGFjay1jb2xvciBoYXMtdGV4dC1jb2xvciBoYXMtbGluay1jb2xvciI+SmUgbmUgY2hlcmNoZSBwYXMgw6AgcGVpbmRyZSBzZWxvbiB1biBzdHlsZSBkw6lmaW5pLjxicj48YnI+Q2hhcXVlIHBlaW50dXJlIGVzdCBwb3VyIG1vaSB1bmUgdGVudGF0aXZlIGRlIGZhaXJlIGNvZXhpc3RlciBwbHVzaWV1cnMgbWFuacOocmVzIGRlIHZvaXIgZGFucyB1bmUgc2V1bGUgaW1hZ2UuIE5vbiBwYXMgbGVzIGp1eHRhcG9zZXIsIG1haXMgbGVzIGZhaXJlIHRlbmlyIGVuc2VtYmxlLCBtYWxncsOpIGxldXJzIGNvbnRyYWRpY3Rpb25zLjxicj48YnI+VW4gbcOqbWUgY29ycHMgcGV1dCBhaW5zaSDDqnRyZSB0cmF2ZXJzw6kgcGFyIGRlcyByw6lnaW1lcyBwaWN0dXJhdXggZGlmZsOpcmVudHMgOiBleHByZXNzaW9ubmlzdGUsIGlsbHVzdHJhdGlmLCByw6lhbGlzdGXigKYgQ2VzIMOpY2FydHMgbmUgc29udCBwYXMgZGVzIGVmZmV0cy4gSWxzIHByb2R1aXNlbnQgdW5lIGluc3RhYmlsaXTDqSBxdWkgbWV0IGVuIGNhdXNlIGzigJl1bml0w6kgZHUgc3VqZXQgZXQgbGEgY29ow6lyZW5jZSBkdSByZWdhcmQuPGJyPjxicj48L2gyPncMY29yZS9oZWFkaW5nfQJ2AQhlbGVtZW50c3YBBGxpbmt2AQVjb2xvcnYBBHRleHR3FnZhcjpwcmVzZXR8Y29sb3J8YmxhY2t3BWJsYWNrdyQyOTk0ZjQ2ZS1lNWFjLTQ5NmYtODkxMy1lOGMxZmYwZDIwMTV4dz08ZGl2IGNsYXNzPSJ3cC1ibG9jay1jb2x1bW4iIHN0eWxlPSJmbGV4LWJhc2lzOjMzLjM0JSI+PC9kaXY+dwtjb3JlL2NvbHVtbncGMzMuMzQldyRkNTM2MzYzZS00ZmJjLTQwMzUtYTk4Ny1kZDMxZjFhZmRlZTF4d\/sDPGgyIGNsYXNzPSJ3cC1ibG9jay1oZWFkaW5nIGhhcy1ibGFjay1jb2xvciBoYXMtdGV4dC1jb2xvciBoYXMtbGluay1jb2xvciI+SmUgbmUgc2FpcyBqYW1haXMgw6AgbOKAmWF2YW5jZSBjZSBxdWUgc2VyYSBs4oCZaW1hZ2UuIEplIHRyYXZhaWxsZSDDoCBwYXJ0aXIgZGUgcHJvY2Vzc3VzLCBkZSBkw6ljaXNpb25zIGxvY2FsZXMsIGTigJlhanVzdGVtZW50cy4gTGUgcsOpc3VsdGF0IGFwcGFyYcOudCBwcm9ncmVzc2l2ZW1lbnQsIGNvbW1lIHNpIHBsdXNpZXVycyBwZWludHJlcyBpbnRlcnZlbmFpZW50IHN1ciBsYSBtw6ptZSBzdXJmYWNlLjxicj48YnI+TGEgcGVpbnR1cmUgbuKAmWVzdCBwYXMgaWNpIGF1IHNlcnZpY2UgZOKAmXVuZSBpbWFnZSwgbWFpcyBk4oCZdW5lIGV4cMOpcmllbmNlIDogY2VsbGUgZOKAmXVuIGVzcGFjZSBpbnN0YWJsZSwgdHJhdmVyc8OpIGRlIHRlbnNpb25zLCBvw7kgcGx1c2lldXJzIG1vbmRlcyBjb2V4aXN0ZW50IHNhbnMgc2UgcsOpc291ZHJlLjwvaDI+dwxjb3JlL2hlYWRpbmd9AnYBCGVsZW1lbnRzdgEEbGlua3YBBWNvbG9ydgEEdGV4dHcWdmFyOnByZXNldHxjb2xvcnxibGFja3cFYmxhY2t3JGU0ZmNlMDk2LWYxZjgtNGZlMS05OGM3LTdiMGM0ZWNlNjU4ZXh3PTxkaXYgY2xhc3M9IndwLWJsb2NrLWNvbHVtbiIgc3R5bGU9ImZsZXgtYmFzaXM6MzMuMzMlIj48L2Rpdj53C2NvcmUvY29sdW1udwYzMy4zMyV3JDIzM2E4NzQyLTYyMGEtNGYwYS1iNjUwLTNhNjdlMWU3ZWIwN3h3wQM8aDIgY2xhc3M9IndwLWJsb2NrLWhlYWRpbmcgaGFzLWJsYWNrLWNvbG9yIGhhcy10ZXh0LWNvbG9yIGhhcy1saW5rLWNvbG9yIj5MZXMgdGV4dGVzIGFzc29jacOpcyBmb25jdGlvbm5lbnQgZGUgbGEgbcOqbWUgbWFuacOocmUuIElscyBuZSBjb21tZW50ZW50IHBhcyBsZXMgxZN1dnJlcy4gSWxzIGVuIHNvbnQgbOKAmcOpY2hvLiBDb25zdGl0dcOpcyBkZSBmcmFnbWVudHMsIGRlIGNpdGF0aW9ucywgZGUgbWF0w6lyaWF1eCB0cm91dsOpcyBvdSB0cmFuc2Zvcm3DqXMsIGlscyBwcm9sb25nZW50IGNldHRlIGluc3RhYmlsaXTDqSBkYW5zIGxlIGxhbmdhZ2UuPGJyPjxicj5JbCBuZSBz4oCZYWdpdCBwYXMgZGUgcHJvZHVpcmUgZGVzIGltYWdlcyBjb2jDqXJlbnRlcywgbWFpcyBkZSByZW5kcmUgc2Vuc2libGUgY2UgcXVpLCBlbiBub3VzLCBuZSBs4oCZZXN0IHBhcy4mbmJzcDs8L2gyPncMY29yZS9oZWFkaW5nfQJ2AQhlbGVtZW50c3YBBGxpbmt2AQVjb2xvcnYBBHRleHR3FnZhcjpwcmVzZXR8Y29sb3J8YmxhY2t3BWJsYWNrdw1yaWdodC1zaWRlYmFydwB3DGxlZnQtc2lkZWJhcncNcmlnaHQtc2lkZWJhcncMbGVmdC1zaWRlYmFye0J52HgyNtAAe0Hn5URHoAAAAb3EqPkLA6YUAKYLBQEB\",\"updateId\":186872081}","ocean_post_layout":"left-sidebar","ocean_both_sidebars_style":"","ocean_both_sidebars_content_width":0,"ocean_both_sidebars_sidebars_width":0,"ocean_sidebar":"","ocean_second_sidebar":"","ocean_disable_margins":"enable","ocean_add_body_class":"","ocean_shortcode_before_top_bar":"","ocean_shortcode_after_top_bar":"","ocean_shortcode_before_header":"","ocean_shortcode_after_header":"","ocean_has_shortcode":"","ocean_shortcode_after_title":"","ocean_shortcode_before_footer_widgets":"","ocean_shortcode_after_footer_widgets":"","ocean_shortcode_before_footer_bottom":"","ocean_shortcode_after_footer_bottom":"","ocean_display_top_bar":"default","ocean_display_header":"default","ocean_header_style":"","ocean_center_header_left_menu":"","ocean_custom_header_template":"","ocean_custom_logo":0,"ocean_custom_retina_logo":0,"ocean_custom_logo_max_width":0,"ocean_custom_logo_tablet_max_width":0,"ocean_custom_logo_mobile_max_width":0,"ocean_custom_logo_max_height":0,"ocean_custom_logo_tablet_max_height":0,"ocean_custom_logo_mobile_max_height":0,"ocean_header_custom_menu":"","ocean_menu_typo_font_family":"","ocean_menu_typo_font_subset":"","ocean_menu_typo_font_size":0,"ocean_menu_typo_font_size_tablet":0,"ocean_menu_typo_font_size_mobile":0,"ocean_menu_typo_font_size_unit":"px","ocean_menu_typo_font_weight":"","ocean_menu_typo_font_weight_tablet":"","ocean_menu_typo_font_weight_mobile":"","ocean_menu_typo_transform":"","ocean_menu_typo_transform_tablet":"","ocean_menu_typo_transform_mobile":"","ocean_menu_typo_line_height":0,"ocean_menu_typo_line_height_tablet":0,"ocean_menu_typo_line_height_mobile":0,"ocean_menu_typo_line_height_unit":"","ocean_menu_typo_spacing":0,"ocean_menu_typo_spacing_tablet":0,"ocean_menu_typo_spacing_mobile":0,"ocean_menu_typo_spacing_unit":"","ocean_menu_link_color":"","ocean_menu_link_color_hover":"","ocean_menu_link_color_active":"","ocean_menu_link_background":"","ocean_menu_link_hover_background":"","ocean_menu_link_active_background":"","ocean_menu_social_links_bg":"","ocean_menu_social_hover_links_bg":"","ocean_menu_social_links_color":"","ocean_menu_social_hover_links_color":"","ocean_disable_title":"default","ocean_disable_heading":"default","ocean_post_title":"","ocean_post_subheading":"","ocean_post_title_style":"","ocean_post_title_background_color":"","ocean_post_title_background":0,"ocean_post_title_bg_image_position":"","ocean_post_title_bg_image_attachment":"","ocean_post_title_bg_image_repeat":"","ocean_post_title_bg_image_size":"","ocean_post_title_height":0,"ocean_post_title_bg_overlay":0.5,"ocean_post_title_bg_overlay_color":"","ocean_disable_breadcrumbs":"default","ocean_breadcrumbs_color":"","ocean_breadcrumbs_separator_color":"","ocean_breadcrumbs_links_color":"","ocean_breadcrumbs_links_hover_color":"","ocean_display_footer_widgets":"default","ocean_display_footer_bottom":"default","ocean_custom_footer_template":"","footnotes":""},"categories":[],"tags":[],"class_list":["post-8501","page","type-page","status-publish","hentry","entry"],"_links":{"self":[{"href":"https:\/\/www.marcpetrusa.fr\/index.php?rest_route=\/wp\/v2\/pages\/8501","targetHints":{"allow":["GET"]}}],"collection":[{"href":"https:\/\/www.marcpetrusa.fr\/index.php?rest_route=\/wp\/v2\/pages"}],"about":[{"href":"https:\/\/www.marcpetrusa.fr\/index.php?rest_route=\/wp\/v2\/types\/page"}],"author":[{"embeddable":true,"href":"https:\/\/www.marcpetrusa.fr\/index.php?rest_route=\/wp\/v2\/users\/2"}],"replies":[{"embeddable":true,"href":"https:\/\/www.marcpetrusa.fr\/index.php?rest_route=%2Fwp%2Fv2%2Fcomments&post=8501"}],"version-history":[{"count":6,"href":"https:\/\/www.marcpetrusa.fr\/index.php?rest_route=\/wp\/v2\/pages\/8501\/revisions"}],"predecessor-version":[{"id":8770,"href":"https:\/\/www.marcpetrusa.fr\/index.php?rest_route=\/wp\/v2\/pages\/8501\/revisions\/8770"}],"wp:attachment":[{"href":"https:\/\/www.marcpetrusa.fr\/index.php?rest_route=%2Fwp%2Fv2%2Fmedia&parent=8501"}],"wp:term":[{"taxonomy":"category","embeddable":true,"href":"https:\/\/www.marcpetrusa.fr\/index.php?rest_route=%2Fwp%2Fv2%2Fcategories&post=8501"},{"taxonomy":"post_tag","embeddable":true,"href":"https:\/\/www.marcpetrusa.fr\/index.php?rest_route=%2Fwp%2Fv2%2Ftags&post=8501"}],"curies":[{"name":"wp","href":"https:\/\/api.w.org\/{rel}","templated":true}]}}