{"id":8505,"date":"2026-03-24T16:06:57","date_gmt":"2026-03-24T15:06:57","guid":{"rendered":"https:\/\/www.marcpetrusa.fr\/?page_id=8505"},"modified":"2026-04-13T17:52:54","modified_gmt":"2026-04-13T15:52:54","slug":"pro-parcours","status":"publish","type":"page","link":"https:\/\/www.marcpetrusa.fr\/?page_id=8505","title":{"rendered":"Pro PARCOURS"},"content":{"rendered":"\n<p class=\"has-text-align-left has-black-color has-text-color has-link-color has-medium-font-size wp-elements-c07d6c5d8b2a8bdc62fb3c7d14a8acf6 wp-block-paragraph\">Marc Petrusa est peintre.<\/p>\n\n\n\n<p class=\"has-text-align-left has-black-color has-text-color has-link-color has-medium-font-size wp-elements-91a439ebbacbb4561486f7d7a3eb7a97 wp-block-paragraph\">Form\u00e9 \u00e0 l&rsquo;architecture (UP La Villette), agr\u00e9g\u00e9 d&rsquo;arts plastiques. Travaux pr\u00e9sent\u00e9s notamment au <em>Salon de Montrouge<\/em> et au <em>Palais de Tokyo<\/em>. Reprise continue de la pratique depuis 2018.<\/p>\n\n\n\n<p class=\"has-text-align-left has-black-color has-text-color has-link-color has-medium-font-size wp-elements-d22f3c7c74c90fad55ad8b95469eb0a4 wp-block-paragraph\">Travaille entre Paris et la Sarthe.<\/p>\n\n\n\n<p class=\"wp-block-paragraph\"><\/p>\n","protected":false},"excerpt":{"rendered":"<p>Marc Petrusa est peintre. Form\u00e9 \u00e0 l&rsquo;architecture (UP La Villette), agr\u00e9g\u00e9 d&rsquo;arts plastiques. Travaux pr\u00e9sent\u00e9s notamment au Salon de Montrouge et au Palais de Tokyo. Reprise continue de la pratique depuis 2018. Travaille entre Paris et la Sarthe.<\/p>\n","protected":false},"author":2,"featured_media":0,"parent":0,"menu_order":0,"comment_status":"closed","ping_status":"closed","template":"","meta":{"_seopress_robots_primary_cat":"","_seopress_titles_title":"","_seopress_titles_desc":"","_seopress_robots_index":"","_crdt_document":"{\"document\":\"AAARwOSClB7LApjS+R3A5IKUHhrjAQgatgICuAGiBgK4AYQEsAMCuAGKAq4BAr4BAgwEtgECkgECJCICEAKSBgK4AaAClgMBVrgCAgECCgJCAQFKAIoBAQIKAkIBAUoAnAKoArABAQIKAkIBAUoAngEBAgoAStoJgAEKkgKiBJQBxDmsOgMCBPY6uAGYOQMCBMIzhDQDAgTONLgBsDIDAgTIK4osAwIE1Cy4AbYqAwIEwiMCuAGcIgIOAggDAfQbArgBnhIC1gayECQOHvI2jjkkDh7+BQKaBwLcBiQOHpwCJA4e1A8EDPQMrA0EIgSKAQQiBIoBBCIERJoDAQQCuAEBBKIGAQQCuAEBBLQHAQQCuAEBBIAIArgBAQaIBwK4AeYYAQKiNSQOHpwCJA4ezA4EIgSKAQQiBIoBBCIE7wEoAycABAAnAAQAhAmBAIQAgQCEAIEAhACBAoQAgQGEAIEAhACBA4QAJwAoBCcAKFonAAcAIQAoAicBBAAoACEAKAEnAIcAIQAoAicBBAAoACEAKAEnAIEAAACBAAAAhwAhACgCJwEEACgAIQAoAScAhwAoAycBKAAnACEBqAMAAKgBxADBAMQAwQDEAMEAxALBAMQAwQDEAMEAxAHBAMQAwQDEAMEAxALBAMQAwQDEAMEAxAHBAMQAwQDEAMEAxALBAMQAwQDEAMEAxADBAsQAwQDEAMEAxADBAMQAwQOhAYQExAShAagBxAchAKgDxMgl2CNzdGF0ZXZlcnNpb25kb2N1bWVudGRhdGVkb2N1bWVudHNsdWdkb2N1bWVudHN0YXR1c2RvY3VtZW50dGl0bGVQcm8gUEFSQ09VUlNkb2N1bWVudGNvbnRlbnQ8IS0tIHdwOnBhcmFncmFwaCB7InN0eWxlIjp7ImVsZW1lbnRzIjp7ImxpbmsiOnsiY29sb3IiOnsidGV4dCI6InZhcjpwcmVzZXR8Y29sb3J8YmxhY2sifX19fSwidGV4dENvbG9yIjoiYmxhY2siLCJmb250U2l6ZSI6Im1lZGl1bSJ9IC0tPgo8cCBjbGFzcz0iaGFzLWJsYWNrLWNvbG9yIGhhcy10ZXh0LWNvbG9yIGhhcy1saW5rLWNvbG9yIGhhcy1tZWRpdW0tZm9udC1zaXplIj5NYXJjIFBldHJ1c2EgZXN0IHBlaW50cmUuPC9wPgo8IS0tIC93cDpwYXJhZ3JhcGggLS0+Cgo8IS0tIHdwOnBhcmFncmFwaCB7InN0eWxlIjp7ImVsZW1lbnRzIjp7ImxpbmsiOnsiY29sb3IiOnsidGV4dCI6InZhcjpwcmVzZXR8Y29sb3J8YmxhY2sifX19fSwidGV4dENvbG9yIjoiYmxhY2siLCJmb250U2l6ZSI6Im1lZGl1bSJ9IC0tPgo8cCBjbGFzcz0iaGFzLWJsYWNrLWNvbG9yIGhhcy10ZXh0LWNvbG9yIGhhcy1saW5rLWNvbG9yIGhhcy1tZWRpdW0tZm9udC1zaXplIj5Gb3Jtw6kgw6AgbCdhcmNoaXRlY3R1cmUgKFVQIExhIFZpbGxldHRlKSwgYWdyw6lnw6kgZCdhcnRzIHBsYXN0aXF1ZXMuPC9wPgo8IS0tIC93cDpwYXJhZ3JhcGggLS0+Cgo8IS0tIHdwOnBhcmFncmFwaCB7InN0eWxlIjp7ImVsZW1lbnRzIjp7ImxpbmsiOnsiY29sb3IiOnsidGV4dCI6InZhcjpwcmVzZXR8Y29sb3J8YmxhY2sifX19fSwidGV4dENvbG9yIjoiYmxhY2siLCJmb250U2l6ZSI6Im1lZGl1bSJ9IC0tPgo8cCBjbGFzcz0iaGFzLWJsYWNrLWNvbG9yIGhhcy10ZXh0LWNvbG9yIGhhcy1saW5rLWNvbG9yIGhhcy1tZWRpdW0tZm9udC1zaXplIj5UcmF2YWlsbGUgZSBQYXJpcyBldCBsYSBTYXJ0aGUuPC9wPgo8IS0tIC93cDpwYXJhZ3JhcGggLS0+Cgo8IS0tIHdwOnBhcmFncmFwaCAtLT4KPHA+PC9wPgo8IS0tIC93cDpwYXJhZ3JhcGggLS0+ZG9jdW1lbnRleGNlcnB0ZG9jdW1lbnRhdXRob3Jkb2N1bWVudGZlYXR1cmVkX21lZGlhZG9jdW1lbnRjb21tZW50X3N0YXR1c2RvY3VtZW50cGluZ19zdGF0dXNkb2N1bWVudHRlbXBsYXRlZG9jdW1lbnRtZXRhX3Nlb3ByZXNzX3JvYm90c19wcmltYXJ5X2NhdF9zZW9wcmVzc190aXRsZXNfdGl0bGVfc2VvcHJlc3NfdGl0bGVzX2Rlc2Nfc2VvcHJlc3Nfcm9ib3RzX2luZGV4b2NlYW5fcG9zdF9sYXlvdXRvY2Vhbl9ib3RoX3NpZGViYXJzX3N0eWxlb2NlYW5fYm90aF9zaWRlYmFyc19jb250ZW50X3dpZHRob2NlYW5fYm90aF9zaWRlYmFyc19zaWRlYmFyc193aWR0aG9jZWFuX3NpZGViYXJvY2Vhbl9zZWNvbmRfc2lkZWJhcm9jZWFuX2Rpc2FibGVfbWFyZ2luc29jZWFuX2FkZF9ib2R5X2NsYXNzb2NlYW5fc2hvcnRjb2RlX2JlZm9yZV90b3BfYmFyb2NlYW5fc2hvcnRjb2RlX2FmdGVyX3RvcF9iYXJvY2Vhbl9zaG9ydGNvZGVfYmVmb3JlX2hlYWRlcm9jZWFuX3Nob3J0Y29kZV9hZnRlcl9oZWFkZXJvY2Vhbl9oYXNfc2hvcnRjb2Rlb2NlYW5fc2hvcnRjb2RlX2FmdGVyX3RpdGxlb2NlYW5fc2hvcnRjb2RlX2JlZm9yZV9mb290ZXJfd2lkZ2V0c29jZWFuX3Nob3J0Y29kZV9hZnRlcl9mb290ZXJfd2lkZ2V0c29jZWFuX3Nob3J0Y29kZV9iZWZvcmVfZm9vdGVyX2JvdHRvbW9jZWFuX3Nob3J0Y29kZV9hZnRlcl9mb290ZXJfYm90dG9tb2NlYW5fZGlzcGxheV90b3BfYmFyb2NlYW5fZGlzcGxheV9oZWFkZXJvY2Vhbl9oZWFkZXJfc3R5bGVvY2Vhbl9jZW50ZXJfaGVhZGVyX2xlZnRfbWVudW9jZWFuX2N1c3RvbV9oZWFkZXJfdGVtcGxhdGVvY2Vhbl9jdXN0b21fbG9nb29jZWFuX2N1c3RvbV9yZXRpbmFfbG9nb29jZWFuX2N1c3RvbV9sb2dvX21heF93aWR0aG9jZWFuX2N1c3RvbV9sb2dvX3RhYmxldF9tYXhfd2lkdGhvY2Vhbl9jdXN0b21fbG9nb19tb2JpbGVfbWF4X3dpZHRob2NlYW5fY3VzdG9tX2xvZ29fbWF4X2hlaWdodG9jZWFuX2N1c3RvbV9sb2dvX3RhYmxldF9tYXhfaGVpZ2h0b2NlYW5fY3VzdG9tX2xvZ29fbW9iaWxlX21heF9oZWlnaHRvY2Vhbl9oZWFkZXJfY3VzdG9tX21lbnVvY2Vhbl9tZW51X3R5cG9fZm9udF9mYW1pbHlvY2Vhbl9tZW51X3R5cG9fZm9udF9zdWJzZXRvY2Vhbl9tZW51X3R5cG9fZm9udF9zaXplb2NlYW5fbWVudV90eXBvX2ZvbnRfc2l6ZV90YWJsZXRvY2Vhbl9tZW51X3R5cG9fZm9udF9zaXplX21vYmlsZW9jZWFuX21lbnVfdHlwb19mb250X3NpemVfdW5pdG9jZWFuX21lbnVfdHlwb19mb250X3dlaWdodG9jZWFuX21lbnVfdHlwb19mb250X3dlaWdodF90YWJsZXRvY2Vhbl9tZW51X3R5cG9fZm9udF93ZWlnaHRfbW9iaWxlb2NlYW5fbWVudV90eXBvX3RyYW5zZm9ybW9jZWFuX21lbnVfdHlwb190cmFuc2Zvcm1fdGFibGV0b2NlYW5fbWVudV90eXBvX3RyYW5zZm9ybV9tb2JpbGVvY2Vhbl9tZW51X3R5cG9fbGluZV9oZWlnaHRvY2Vhbl9tZW51X3R5cG9fbGluZV9oZWlnaHRfdGFibGV0b2NlYW5fbWVudV90eXBvX2xpbmVfaGVpZ2h0X21vYmlsZW9jZWFuX21lbnVfdHlwb19saW5lX2hlaWdodF91bml0b2NlYW5fbWVudV90eXBvX3NwYWNpbmdvY2Vhbl9tZW51X3R5cG9fc3BhY2luZ190YWJsZXRvY2Vhbl9tZW51X3R5cG9fc3BhY2luZ19tb2JpbGVvY2Vhbl9tZW51X3R5cG9fc3BhY2luZ191bml0b2NlYW5fbWVudV9saW5rX2NvbG9yb2NlYW5fbWVudV9saW5rX2NvbG9yX2hvdmVyb2NlYW5fbWVudV9saW5rX2NvbG9yX2FjdGl2ZW9jZWFuX21lbnVfbGlua19iYWNrZ3JvdW5kb2NlYW5fbWVudV9saW5rX2hvdmVyX2JhY2tncm91bmRvY2Vhbl9tZW51X2xpbmtfYWN0aXZlX2JhY2tncm91bmRvY2Vhbl9tZW51X3NvY2lhbF9saW5rc19iZ29jZWFuX21lbnVfc29jaWFsX2hvdmVyX2xpbmtzX2Jnb2NlYW5fbWVudV9zb2NpYWxfbGlua3NfY29sb3JvY2Vhbl9tZW51X3NvY2lhbF9ob3Zlcl9saW5rc19jb2xvcm9jZWFuX2Rpc2FibGVfdGl0bGVvY2Vhbl9kaXNhYmxlX2hlYWRpbmdvY2Vhbl9wb3N0X3RpdGxlb2NlYW5fcG9zdF9zdWJoZWFkaW5nb2NlYW5fcG9zdF90aXRsZV9zdHlsZW9jZWFuX3Bvc3RfdGl0bGVfYmFja2dyb3VuZF9jb2xvcm9jZWFuX3Bvc3RfdGl0bGVfYmFja2dyb3VuZG9jZWFuX3Bvc3RfdGl0bGVfYmdfaW1hZ2VfcG9zaXRpb25vY2Vhbl9wb3N0X3RpdGxlX2JnX2ltYWdlX2F0dGFjaG1lbnRvY2Vhbl9wb3N0X3RpdGxlX2JnX2ltYWdlX3JlcGVhdG9jZWFuX3Bvc3RfdGl0bGVfYmdfaW1hZ2Vfc2l6ZW9jZWFuX3Bvc3RfdGl0bGVfaGVpZ2h0b2NlYW5fcG9zdF90aXRsZV9iZ19vdmVybGF5b2NlYW5fcG9zdF90aXRsZV9iZ19vdmVybGF5X2NvbG9yb2NlYW5fZGlzYWJsZV9icmVhZGNydW1ic29jZWFuX2JyZWFkY3J1bWJzX2NvbG9yb2NlYW5fYnJlYWRjcnVtYnNfc2VwYXJhdG9yX2NvbG9yb2NlYW5fYnJlYWRjcnVtYnNfbGlua3NfY29sb3JvY2Vhbl9icmVhZGNydW1ic19saW5rc19ob3Zlcl9jb2xvcm9jZWFuX2Rpc3BsYXlfZm9vdGVyX3dpZGdldHNvY2Vhbl9kaXNwbGF5X2Zvb3Rlcl9ib3R0b21vY2Vhbl9jdXN0b21fZm9vdGVyX3RlbXBsYXRlZm9vdG5vdGVzZG9jdW1lbnRjYXRlZ29yaWVzZG9jdW1lbnR0YWdzZG9jdW1lbnRibG9ja3NjbGllbnRJZGlzVmFsaWRvcmlnaW5hbENvbnRlbnRuYW1lYXR0cmlidXRlc2NvbnRlbnRNYXJjIFBldHJ1c2EgZXN0IHBlaW50cmUuZHJvcENhcHN0eWxldGV4dENvbG9yZm9udFNpemVpbm5lckJsb2Nrc2NsaWVudElkaXNWYWxpZG9yaWdpbmFsQ29udGVudG5hbWVhdHRyaWJ1dGVzY29udGVudEZvcm3DqSDDoCBsJ2FyY2hpdGVjdHVyZSAoVVAgTGEgVmlsbGV0dGUpLCBhZ3LDqWfDqSBkJ2FydHMgcGxhc3RpcXVlcy5kcm9wQ2Fwc3R5bGV0ZXh0Q29sb3Jmb250U2l6ZWlubmVyQmxvY2tzY2xpZW50SWRpc1ZhbGlkb3JpZ2luYWxDb250ZW50bmFtZWF0dHJpYnV0ZXNjb250ZW50VHJhdmFpbGxlIGVudHJlIFBhcmlzIGV0IGxhIFNhcnRoZS5kcm9wQ2Fwc3R5bGV0ZXh0Q29sb3Jmb250U2l6ZWlubmVyQmxvY2tzY2xpZW50SWRpc1ZhbGlkb3JpZ2luYWxDb250ZW50bmFtZWF0dHJpYnV0ZXNjb250ZW50ZHJvcENhcGlubmVyQmxvY2tzc3RhdGVzYXZlZEF0c3RhdGVzYXZlZEJ5LCJ0eXBvZ3JhcGh5Ijp7InRleHRBbGlnbiI6ImV0In10ZXh0LWFsaWduLWV0IGhhcy0sInR5cG9ncmFwaHkiOnsidGV4dEFsaWduIjoiZXQifXRleHQtYWxpZ24tZXQgaGFzLSwidHlwb2dyYXBoeSI6eyJ0ZXh0QWxpZ24iOiJldCJ9dGV4dC1hbGlnbi1ldCBoYXMtZW50ciBUcmF2YXV4IHByw6lzZW50w6lzIG5vdGFtbWVudCBhdSBTYWxvbiBkZSBNb250cm91Z2UgZXQgYXUgUGFsYWlzIGRlIFRva3lvLiBSZXByaXNlIGNvbnRpbnVlIGRlIGxhIHByYXRpcXVlIGRlcHVpcyAyMDE4LiBUcmF2YXV4IHByw6lzZW50w6lzIG5vdGFtbWVudCBhdSBTYWxvbiBkZSBNb250cm91Z2UgZXQgYXUgUGFsYWlzIGRlIFRva3lvLiBSZXByaXNlIGNvbnRpbnVlIGRlIGxhIHByYXRpcXVlIGRlcHVpcyAyMDE4LjxlbT48L2VtPjxlbT48L2VtPjxlbT48L2VtPjxlbT48L2VtPnN0YXRldmVyc2lvbmxmbGZsZmxmbGZsZgUHCAQIBAgGCAUMCAebAQE8kQMBPIICuAEBPIUBQQACQQGkAQgHCAYIDggOCAtIAQQcFhUWERkhIg0UFRQeXQAcExslZAAjFRQSHRwRGBtiABxjABhbABlgAB4bYgAZYAAbYgAgF14AHBUbHBogIRogHSMTFRAVFiEbIiQgHhcbIRkXIR0jHBscCQgKCAQIBggHDwQKBxkHBQkICwgHDwQKB4IBBwUJCAsIBw8ECgcjBwUJCAsIBw8ECkcACwUHBQccQQILQQAFHEECC0EABRxBAgtBAAVBAiASBw8uIBIHDy4EBQQFBAUERQAHQQoRAQQAAAEAAAABBgBYAQIALAEUQgEBAEEAAgBBAAIAQQACAEEAAgA4QQI3PwY7ASkSEQiJAwE8kAFBb5MBATdBEQRBAgJBAAJBAAJBAAJBAAJBAAIjQQAHBAEFIwEWQQkCmQIAfQF3EzIwMjYtMDMtMjRUMTY6MDY6NTd3DHByby1wYXJjb3Vyc3cHcHVibGlzaH0CfQB3BmNsb3NlZHcGY2xvc2VkdwB3AHcAdwB3AHcAdwB9AH0AdwB3AHcGZW5hYmxldwB3AHcAdwB3AHcAdwB3AHcAdwB3AHcHZGVmYXVsdHcHZGVmYXVsdHcAdwB3AH0AfQB9AH0AfQB9AH0AfQB3AHcAdwB9AH0AfQB3AnB4dwB3AHcAdwB3AHcAfQB9AH0AdwB9AH0AfQB3AHcAdwB3AHcAdwB3AHcAdwB3AHcAdwdkZWZhdWx0dwdkZWZhdWx0dwB3AHcAdwB9AHcAdwB3AHcAfQB8PwAAAHcAdwdkZWZhdWx0dwB3AHcAdwB3B2RlZmF1bHR3B2RlZmF1bHR3AHcAdQB1AHh3azxwIGNsYXNzPSJoYXMtYmxhY2stY29sb3IgaGFzLXRleHQtY29sb3IgaGFzLWxpbmstY29sb3IgaGFzLW1lZGl1bS1mb250LXNpemUiPk1hcmMgUGV0cnVzYSBlc3QgcGVpbnRyZS48L3A+dw5jb3JlL3BhcmFncmFwaHl3BWJsYWNrdwZtZWRpdW14d5gBPHAgY2xhc3M9Imhhcy1ibGFjay1jb2xvciBoYXMtdGV4dC1jb2xvciBoYXMtbGluay1jb2xvciBoYXMtbWVkaXVtLWZvbnQtc2l6ZSI+Rm9ybcOpIMOgIGwnYXJjaGl0ZWN0dXJlIChVUCBMYSBWaWxsZXR0ZSksIGFncsOpZ8OpIGQnYXJ0cyBwbGFzdGlxdWVzLjwvcD53DmNvcmUvcGFyYWdyYXBoeXcFYmxhY2t3Bm1lZGl1bXh3dTxwIGNsYXNzPSJoYXMtYmxhY2stY29sb3IgaGFzLXRleHQtY29sb3IgaGFzLWxpbmstY29sb3IgaGFzLW1lZGl1bS1mb250LXNpemUiPlRyYXZhaWxsZSBlbnRyZSBQYXJpcyBldCBsYSBTYXJ0aGUuPC9wPncOY29yZS9wYXJhZ3JhcGh5dwVibGFja3cGbWVkaXVtdyRkNDE2NDY1OS1mM2JkLTQ5NjgtYTE4Ny1iODkyZjYxZmE5OWN4dwc8cD48L3A+dw5jb3JlL3BhcmFncmFwaHl3JDdjN2I3MWY1LWY3MGMtNDIwZi04NDRkLWZlMTg0MWNmNDI4OHYCCGVsZW1lbnRzdgEEbGlua3YBBWNvbG9ydgEEdGV4dHcWdmFyOnByZXNldHxjb2xvcnxibGFjawp0eXBvZ3JhcGh5dgEJdGV4dEFsaWdudwZjZW50ZXJ3JDMxNDI4MjRmLTdlNzUtNGEyMy1iNDllLWUwYTY1MjMyNjYwM3YCCGVsZW1lbnRzdgEEbGlua3YBBWNvbG9ydgEEdGV4dHcWdmFyOnByZXNldHxjb2xvcnxibGFjawp0eXBvZ3JhcGh5dgEJdGV4dEFsaWdudwZjZW50ZXJ3JDYzZmExYjExLWM4N2YtNDRhNS1hZmVlLWE3ZDc0ZWQ1YzNmZnYCCGVsZW1lbnRzdgEEbGlua3YBBWNvbG9ydgEEdGV4dHcWdmFyOnByZXNldHxjb2xvcnxibGFjawp0eXBvZ3JhcGh5dgEJdGV4dEFsaWdudwZjZW50ZXJ7QnnYeGJ1EAB8T3FAWREAdgIIZWxlbWVudHN2AQRsaW5rdgEFY29sb3J2AQR0ZXh0dxZ2YXI6cHJlc2V0fGNvbG9yfGJsYWNrCnR5cG9ncmFwaHl2AQl0ZXh0QWxpZ253BGxlZnR2AghlbGVtZW50c3YBBGxpbmt2AQVjb2xvcnYBBHRleHR3FnZhcjpwcmVzZXR8Y29sb3J8YmxhY2sKdHlwb2dyYXBoeXYBCXRleHRBbGlnbncEbGVmdHYCCGVsZW1lbnRzdgEEbGlua3YBBWNvbG9ydgEEdGV4dHcWdmFyOnByZXNldHxjb2xvcnxibGFjawp0eXBvZ3JhcGh5dgEJdGV4dEFsaWdudwRsZWZ0dwxsZWZ0LXNpZGViYXICgLKBig8rtAY2AT4BBQJkASIBBwHVAm8AWAAfAAQASAADiwEBACkADAEBAAEEAQAcAAEAAQENAAEAAQEhAAEAAQENAAEAAQEhAAEAAQENAAEAAQEFJAEGAQMBAAFA7AEBmOn8DgEAAA==\",\"updateId\":648698270}","ocean_post_layout":"left-sidebar","ocean_both_sidebars_style":"","ocean_both_sidebars_content_width":0,"ocean_both_sidebars_sidebars_width":0,"ocean_sidebar":"","ocean_second_sidebar":"","ocean_disable_margins":"enable","ocean_add_body_class":"","ocean_shortcode_before_top_bar":"","ocean_shortcode_after_top_bar":"","ocean_shortcode_before_header":"","ocean_shortcode_after_header":"","ocean_has_shortcode":"","ocean_shortcode_after_title":"","ocean_shortcode_before_footer_widgets":"","ocean_shortcode_after_footer_widgets":"","ocean_shortcode_before_footer_bottom":"","ocean_shortcode_after_footer_bottom":"","ocean_display_top_bar":"default","ocean_display_header":"default","ocean_header_style":"","ocean_center_header_left_menu":"","ocean_custom_header_template":"","ocean_custom_logo":0,"ocean_custom_retina_logo":0,"ocean_custom_logo_max_width":0,"ocean_custom_logo_tablet_max_width":0,"ocean_custom_logo_mobile_max_width":0,"ocean_custom_logo_max_height":0,"ocean_custom_logo_tablet_max_height":0,"ocean_custom_logo_mobile_max_height":0,"ocean_header_custom_menu":"","ocean_menu_typo_font_family":"","ocean_menu_typo_font_subset":"","ocean_menu_typo_font_size":0,"ocean_menu_typo_font_size_tablet":0,"ocean_menu_typo_font_size_mobile":0,"ocean_menu_typo_font_size_unit":"px","ocean_menu_typo_font_weight":"","ocean_menu_typo_font_weight_tablet":"","ocean_menu_typo_font_weight_mobile":"","ocean_menu_typo_transform":"","ocean_menu_typo_transform_tablet":"","ocean_menu_typo_transform_mobile":"","ocean_menu_typo_line_height":0,"ocean_menu_typo_line_height_tablet":0,"ocean_menu_typo_line_height_mobile":0,"ocean_menu_typo_line_height_unit":"","ocean_menu_typo_spacing":0,"ocean_menu_typo_spacing_tablet":0,"ocean_menu_typo_spacing_mobile":0,"ocean_menu_typo_spacing_unit":"","ocean_menu_link_color":"","ocean_menu_link_color_hover":"","ocean_menu_link_color_active":"","ocean_menu_link_background":"","ocean_menu_link_hover_background":"","ocean_menu_link_active_background":"","ocean_menu_social_links_bg":"","ocean_menu_social_hover_links_bg":"","ocean_menu_social_links_color":"","ocean_menu_social_hover_links_color":"","ocean_disable_title":"default","ocean_disable_heading":"default","ocean_post_title":"","ocean_post_subheading":"","ocean_post_title_style":"","ocean_post_title_background_color":"","ocean_post_title_background":0,"ocean_post_title_bg_image_position":"","ocean_post_title_bg_image_attachment":"","ocean_post_title_bg_image_repeat":"","ocean_post_title_bg_image_size":"","ocean_post_title_height":0,"ocean_post_title_bg_overlay":0.5,"ocean_post_title_bg_overlay_color":"","ocean_disable_breadcrumbs":"default","ocean_breadcrumbs_color":"","ocean_breadcrumbs_separator_color":"","ocean_breadcrumbs_links_color":"","ocean_breadcrumbs_links_hover_color":"","ocean_display_footer_widgets":"default","ocean_display_footer_bottom":"default","ocean_custom_footer_template":"","footnotes":""},"categories":[],"tags":[],"class_list":["post-8505","page","type-page","status-publish","hentry","entry"],"_links":{"self":[{"href":"https:\/\/www.marcpetrusa.fr\/index.php?rest_route=\/wp\/v2\/pages\/8505","targetHints":{"allow":["GET"]}}],"collection":[{"href":"https:\/\/www.marcpetrusa.fr\/index.php?rest_route=\/wp\/v2\/pages"}],"about":[{"href":"https:\/\/www.marcpetrusa.fr\/index.php?rest_route=\/wp\/v2\/types\/page"}],"author":[{"embeddable":true,"href":"https:\/\/www.marcpetrusa.fr\/index.php?rest_route=\/wp\/v2\/users\/2"}],"replies":[{"embeddable":true,"href":"https:\/\/www.marcpetrusa.fr\/index.php?rest_route=%2Fwp%2Fv2%2Fcomments&post=8505"}],"version-history":[{"count":12,"href":"https:\/\/www.marcpetrusa.fr\/index.php?rest_route=\/wp\/v2\/pages\/8505\/revisions"}],"predecessor-version":[{"id":8785,"href":"https:\/\/www.marcpetrusa.fr\/index.php?rest_route=\/wp\/v2\/pages\/8505\/revisions\/8785"}],"wp:attachment":[{"href":"https:\/\/www.marcpetrusa.fr\/index.php?rest_route=%2Fwp%2Fv2%2Fmedia&parent=8505"}],"wp:term":[{"taxonomy":"category","embeddable":true,"href":"https:\/\/www.marcpetrusa.fr\/index.php?rest_route=%2Fwp%2Fv2%2Fcategories&post=8505"},{"taxonomy":"post_tag","embeddable":true,"href":"https:\/\/www.marcpetrusa.fr\/index.php?rest_route=%2Fwp%2Fv2%2Ftags&post=8505"}],"curies":[{"name":"wp","href":"https:\/\/api.w.org\/{rel}","templated":true}]}}